{"id":1237,"date":"2019-09-19T15:03:34","date_gmt":"2019-09-19T15:03:34","guid":{"rendered":"https:\/\/ttt.hr\/?page_id=1237"},"modified":"2019-09-19T15:03:34","modified_gmt":"2019-09-19T15:03:34","slug":"pflege","status":"publish","type":"page","link":"https:\/\/ttt.hr\/de\/pflege\/","title":{"rendered":"Pflege"},"content":{"rendered":"\n<style type=\"text\/css\" data-created_by=\"avia_inline_auto\" id=\"style-css-av-1hq6z-ea0144fb8490641173b2f257029ab224\">\n.avia-section.av-1hq6z-ea0144fb8490641173b2f257029ab224{\nbackground-repeat:no-repeat;\nbackground-image:url(https:\/\/ttt.hr\/wp-content\/uploads\/2019\/07\/TH-Praonica-Stipe-Surac-4_1600_1067.jpg);\nbackground-position:50% 50%;\nbackground-attachment:scroll;\n}\n#top .avia-section.av-1hq6z-ea0144fb8490641173b2f257029ab224 .scroll-down-link{\ncolor:#a4a7a8;\n}\n<\/style>\n<div id='av_section_1'  class='avia-section av-1hq6z-ea0144fb8490641173b2f257029ab224 main_color avia-section-default avia-no-border-styling  avia-builder-el-0  el_before_av_section  avia-builder-el-first  avia-full-stretch avia-bg-style-scroll av-minimum-height av-minimum-height-75  container_wrap fullsize'  data-section-bg-repeat='stretch' data-av_minimum_height_pc='75'><div class=\"av-section-color-overlay-wrap\"><a href='#next-section' title='' class='scroll-down-link av-custom-scroll-down-color' aria-hidden='true' data-av_icon='\ue877' data-av_iconfont='entypo-fontello'><\/a><div class='container av-section-cont-open' ><main  role=\"main\" itemprop=\"mainContentOfPage\"  class='template-page content  av-content-full alpha units'><div class='post-entry post-entry-type-page post-entry-1237'><div class='entry-content-wrapper clearfix'>\n\n<style type=\"text\/css\" data-created_by=\"avia_inline_auto\" id=\"style-css-av-sz57-cfe9bf5c34b682df23d012d8dcc2b1ea\">\n.flex_column.av-sz57-cfe9bf5c34b682df23d012d8dcc2b1ea{\n-webkit-border-radius:0px 0px 0px 0px;\n-moz-border-radius:0px 0px 0px 0px;\nborder-radius:0px 0px 0px 0px;\n}\n<\/style>\n<div class='flex_column av-sz57-cfe9bf5c34b682df23d012d8dcc2b1ea av_one_full  avia-builder-el-1  avia-builder-el-no-sibling  first flex_column_div av-animated-generic fade-in av-zero-column-padding '     ><style type=\"text\/css\" data-created_by=\"avia_inline_auto\" id=\"style-css-av-k0qto2ws-2cae8d6e70d0ca75ce78c01aa05840cc\">\n#top .av-special-heading.av-k0qto2ws-2cae8d6e70d0ca75ce78c01aa05840cc{\npadding-bottom:10px;\ncolor:#ffffff;\nfont-size:70px;\n}\nbody .av-special-heading.av-k0qto2ws-2cae8d6e70d0ca75ce78c01aa05840cc .av-special-heading-tag .heading-char{\nfont-size:25px;\n}\n#top #wrap_all .av-special-heading.av-k0qto2ws-2cae8d6e70d0ca75ce78c01aa05840cc .av-special-heading-tag{\nfont-size:70px;\n}\n.av-special-heading.av-k0qto2ws-2cae8d6e70d0ca75ce78c01aa05840cc .special-heading-inner-border{\nborder-color:#ffffff;\n}\n.av-special-heading.av-k0qto2ws-2cae8d6e70d0ca75ce78c01aa05840cc .av-subheading{\nfont-size:20px;\n}\n\n@media only screen and (min-width: 480px) and (max-width: 767px){ \n#top #wrap_all .av-special-heading.av-k0qto2ws-2cae8d6e70d0ca75ce78c01aa05840cc .av-special-heading-tag{\nfont-size:0.8em;\n}\n}\n\n@media only screen and (max-width: 479px){ \n#top #wrap_all .av-special-heading.av-k0qto2ws-2cae8d6e70d0ca75ce78c01aa05840cc .av-special-heading-tag{\nfont-size:0.8em;\n}\n}\n<\/style>\n<div  class='av-special-heading av-k0qto2ws-2cae8d6e70d0ca75ce78c01aa05840cc av-special-heading-h3 custom-color-heading blockquote modern-quote modern-centered  avia-builder-el-2  avia-builder-el-no-sibling  av-thin-font av-inherit-size'><h3 class='av-special-heading-tag'  itemprop=\"headline\"  ><strong>Pflege<\/strong><\/h3><div class=\"special-heading-border\"><div class=\"special-heading-inner-border\"><\/div><\/div><\/div><\/div><\/div><\/div><\/main><!-- close content main element --><\/div><\/div><\/div><div id='av_section_2'  class='avia-section av-jx48srp8-c599bc1c9445a7911862b3430e9b6a46 main_color avia-section-default avia-no-border-styling  avia-builder-el-3  el_after_av_section  avia-builder-el-last  avia-bg-style-scroll container_wrap fullsize'  ><div class='container av-section-cont-open' ><div class='template-page content  av-content-full alpha units'><div class='post-entry post-entry-type-page post-entry-1237'><div class='entry-content-wrapper clearfix'>\n<div class='flex_column_table av-jx494sfy-b4471b11a91082985304bc0d455ba894 sc-av_one_full av-equal-height-column-flextable'>\n<style type=\"text\/css\" data-created_by=\"avia_inline_auto\" id=\"style-css-av-jx494sfy-b4471b11a91082985304bc0d455ba894\">\n.flex_column.av-jx494sfy-b4471b11a91082985304bc0d455ba894{\n-webkit-border-radius:0px 0px 0px 0px;\n-moz-border-radius:0px 0px 0px 0px;\nborder-radius:0px 0px 0px 0px;\n}\n<\/style>\n<div class='flex_column av-jx494sfy-b4471b11a91082985304bc0d455ba894 av_one_full  avia-builder-el-4  el_before_av_one_full  avia-builder-el-first  first flex_column_table_cell av-equal-height-column av-align-middle av-zero-column-padding '     ><p>\n<style type=\"text\/css\" data-created_by=\"avia_inline_auto\" id=\"style-css-av-k0qtonnx-14ccab1860578bc9d21ebff26cda8b4d\">\n#top .av-special-heading.av-k0qtonnx-14ccab1860578bc9d21ebff26cda8b4d{\npadding-bottom:10px;\nfont-size:28px;\n}\nbody .av-special-heading.av-k0qtonnx-14ccab1860578bc9d21ebff26cda8b4d .av-special-heading-tag .heading-char{\nfont-size:25px;\n}\n#top #wrap_all .av-special-heading.av-k0qtonnx-14ccab1860578bc9d21ebff26cda8b4d .av-special-heading-tag{\nfont-size:28px;\n}\n.av-special-heading.av-k0qtonnx-14ccab1860578bc9d21ebff26cda8b4d .av-subheading{\nfont-size:20px;\n}\n\n@media only screen and (min-width: 480px) and (max-width: 767px){ \n#top #wrap_all .av-special-heading.av-k0qtonnx-14ccab1860578bc9d21ebff26cda8b4d .av-special-heading-tag{\nfont-size:0.8em;\n}\n}\n\n@media only screen and (max-width: 479px){ \n#top #wrap_all .av-special-heading.av-k0qtonnx-14ccab1860578bc9d21ebff26cda8b4d .av-special-heading-tag{\nfont-size:0.8em;\n}\n}\n<\/style>\n<div  class='av-special-heading av-k0qtonnx-14ccab1860578bc9d21ebff26cda8b4d av-special-heading-h3 blockquote modern-quote  avia-builder-el-5  el_before_av_hr  avia-builder-el-first  av-thin-font av-inherit-size'><h3 class='av-special-heading-tag'  itemprop=\"headline\"  ><strong>N\u00fctzliche Tipps f\u00fcr eine Sorge weniger<\/strong><\/h3><div class=\"special-heading-border\"><div class=\"special-heading-inner-border\"><\/div><\/div><\/div><br \/>\n\n<style type=\"text\/css\" data-created_by=\"avia_inline_auto\" id=\"style-css-av-jx4e8cgc-5c541ffff749e3469d0d291c5c964e41\">\n#top .hr.av-jx4e8cgc-5c541ffff749e3469d0d291c5c964e41{\nmargin-top:5px;\nmargin-bottom:5px;\n}\n.hr.av-jx4e8cgc-5c541ffff749e3469d0d291c5c964e41 .hr-inner{\nwidth:50px;\nborder-color:#5988c5;\n}\n<\/style>\n<div  class='hr av-jx4e8cgc-5c541ffff749e3469d0d291c5c964e41 hr-custom  avia-builder-el-6  el_after_av_heading  avia-builder-el-last  hr-left hr-icon-no'><span class='hr-inner inner-border-av-border-fat'><span class=\"hr-inner-style\"><\/span><\/span><\/div><\/p><\/div><\/div><!--close column table wrapper. Autoclose: 1 --><div class='flex_column_table av-jx494sfy-b4471b11a91082985304bc0d455ba894 sc-av_one_full av-equal-height-column-flextable'>\n<style type=\"text\/css\" data-created_by=\"avia_inline_auto\" id=\"style-css-av-jx494sfy-b4471b11a91082985304bc0d455ba894\">\n.flex_column.av-jx494sfy-b4471b11a91082985304bc0d455ba894{\n-webkit-border-radius:0px 0px 0px 0px;\n-moz-border-radius:0px 0px 0px 0px;\nborder-radius:0px 0px 0px 0px;\n}\n<\/style>\n<div class='flex_column av-jx494sfy-b4471b11a91082985304bc0d455ba894 av_one_full  avia-builder-el-7  el_after_av_one_full  avia-builder-el-last  first flex_column_table_cell av-equal-height-column av-align-middle av-zero-column-padding column-top-margin'     ><section  class='av_textblock_section av-jx49315p-f21348efa9bb18bc9a389ba8ca68421c'  itemscope=\"itemscope\" itemtype=\"https:\/\/schema.org\/CreativeWork\" ><div class='avia_textblock'  itemprop=\"text\" ><p>NEUE W\u00c4SCHE<\/p>\n<p>Wir raten Ihnen die neue W\u00e4sche vor Gebrauch zu waschen. Vor allem um den industriellen Geruch zu entfernen und um das Schrumpfen der nat\u00fcrlichen Materiale zu erm\u00f6glichen. Wir berechnen das Schrumpfen beim N\u00e4hen mit ein, damit nach dem Waschen die Gr\u00f6ssen passend auf Ihre Bed\u00fcrfnisse abgestimmt sind.<\/p>\n<p>SORTIEREN<\/p>\n<p>Waschen Sie wei\u00dfe W\u00e4sche immer getrennt von gef\u00e4rbter. Die neuen W\u00e4schest\u00fccke enthalten \u00fcberfl\u00fcssiges Farbmittel, das nach ein paar Waschg\u00e4ngen ausgesp\u00fclt wird. Deshalb ist es wichtig, die W\u00e4sche nach Farbintensit\u00e4t zu sortieren (die hellen von den dunklen T\u00f6nen trennen).<\/p>\n<p>FALTEN DER W\u00c4SCHE<\/p>\n<p>Die W\u00e4sche sollte in einem auseinandergefalteten Zustand gewaschen werden. Waschen Sie Ihre W\u00e4sche nie zusammengelegt (gefaltet) um den Verlust von Farbe an den gefalteten Stellen zu vermeiden. Zudem, d\u00fcrfen Sie die Waschmaschine nie \u00fcberf\u00fcllen, weil in Folge einer \u00dcberf\u00fcllung Falten an der W\u00e4sche entstehen und es deshalb zu einem Ausbleichen der Farbe und Besch\u00e4digung des Stoffes kommt.<\/p>\n<p>DOSIERUNG DES WASCHMITTELS<\/p>\n<p>Halten Sie sich an die in der Bedienungsanleitung des Waschmittels angegebenen Dosierungen. Zu kleine Mengen an Waschmittel verursachen Kalkablagerungen auf der W\u00e4sche. Diese verursachen Steifheit des Stoffes und verringern den Grad der Wei\u00dfe der W\u00e4sche.<\/p>\n<p>OPTISCHES BLEICHMITTEL<\/p>\n<p><strong>Wei\u00dfe W\u00e4sche<\/strong> sollte immer mit einem Waschmittel gewaschen werden, das optisches Bleichmittel enth\u00e4lt, um den hohen Grad der Wei\u00dfe zu erhalten.<\/p>\n<p>Bei <strong>gef\u00e4rbter W\u00e4sche<\/strong> hat ein optisches Bleichmittel negativen Einfluss auf den Stoff und ver\u00e4ndert und bleicht die Farbnuance (insbesondere bei Pastellfarben). Deshalb sollte gef\u00e4rbte W\u00e4sche ausschlie\u00dflich mit Waschmitteln ohne optische Bleichmittel gewaschen werden.<\/p>\n<p>Heut enhalten die meisten Waschmittel optische Bleichmittel deshalb ist es schwer diese zu vermeiden. Der Vorteil unserer gef\u00e4rbten W\u00e4sche liegt darin, dass sie optische Bleichmittel besser ertr\u00e4gt. Um das Bleichen zu vermindern, haben wir schon in der Produktionsphase die helleren T\u00f6ne mit einer angemessenen Menge von optischen Bleichmitteln nuanciert.<\/p>\n<p>WASCHEN MIT CHLOR<\/p>\n<p>Obwohl unser W\u00e4sche mit K\u00fcpenfarbstoff gef\u00e4rbt ist und schon damit chlorbest\u00e4ndig ist, raten wir, insofern es m\u00f6glich ist, beim Waschen keine Waschmittel mit Bleichmittel auf Chlorbasis zu benutzen. Chlor besch\u00e4digt den Baumwollstoff und er verliert dadurch an seiner Best\u00e4ndigkeit.<\/p>\n<p>TROCKNEN<\/p>\n<p>Trocknen Sie die W\u00e4sche bei niedrigeren Temperaturen um das Schrumpfen durch \u201e\u00dcberhitzung\u201c der W\u00e4sche zu vermeiden.<\/p>\n<p>B\u00dcGELN<\/p>\n<p>Halten Sie sich stets an die B\u00fcgelanleitungen. Um eine glatte Struktur und Stabilit\u00e4t zu erzielen, b\u00fcgeln Sie die W\u00e4sche immer in L\u00e4ngsrichtung (in Richtung Kette). Beim B\u00fcgeln, sollte die W\u00e4sche feucht sein, damit sie leichter zu gl\u00e4tten ist (optimale Feuchtigkeit 20%).<\/p>\n<p>TEXTILPFLEGESYMBOLE<\/p>\n<p>Halten Sie sich unbedingt an die Pflegesymbole auf dem Etikett des Herstellers.<\/p>\n<\/div><\/section><\/div><\/div><!--close column table wrapper. Autoclose: 1 --><\/p>\n","protected":false},"excerpt":{"rendered":"","protected":false},"author":1,"featured_media":0,"parent":0,"menu_order":0,"comment_status":"closed","ping_status":"closed","template":"","meta":{"_acf_changed":false,"footnotes":""},"class_list":["post-1237","page","type-page","status-publish","hentry"],"acf":[],"yoast_head":"<!-- This site is optimized with the Yoast SEO plugin v27.2 - https:\/\/yoast.com\/product\/yoast-seo-wordpress\/ -->\n<title>Pflege - Tvornica tekstila Trgovi\u0161\u0107e<\/title>\n<meta name=\"description\" content=\"Tvornica tekstila Trgovi\u0161\u0107e vode\u0107i je proizvo\u0111a\u010d stolnog i posteljnog rublja od Milana do Istanbula.\" \/>\n<meta name=\"robots\" content=\"index, follow, max-snippet:-1, max-image-preview:large, max-video-preview:-1\" \/>\n<link rel=\"canonical\" href=\"https:\/\/ttt.hr\/odrzavanje\/\" \/>\n<meta property=\"og:locale\" content=\"de_DE\" \/>\n<meta property=\"og:type\" content=\"article\" \/>\n<meta property=\"og:title\" content=\"Pflege - Tvornica tekstila Trgovi\u0161\u0107e\" \/>\n<meta property=\"og:description\" content=\"Tvornica tekstila Trgovi\u0161\u0107e vode\u0107i je proizvo\u0111a\u010d stolnog i posteljnog rublja od Milana do Istanbula.\" \/>\n<meta property=\"og:url\" content=\"https:\/\/ttt.hr\/odrzavanje\/\" \/>\n<meta property=\"og:site_name\" content=\"Tvornica tekstila Trgovi\u0161\u0107e\" \/>\n<meta property=\"article:publisher\" content=\"https:\/\/www.facebook.com\/TextileFactoryTrgovisce\/\" \/>\n<meta name=\"twitter:card\" content=\"summary_large_image\" \/>\n<meta name=\"twitter:label1\" content=\"Gesch\u00e4tzte Lesezeit\" \/>\n\t<meta name=\"twitter:data1\" content=\"7\u00a0Minuten\" \/>\n<script type=\"application\/ld+json\" class=\"yoast-schema-graph\">{\"@context\":\"https:\/\/schema.org\",\"@graph\":[{\"@type\":\"WebPage\",\"@id\":\"https:\/\/ttt.hr\/odrzavanje\/\",\"url\":\"https:\/\/ttt.hr\/odrzavanje\/\",\"name\":\"Pflege - Tvornica tekstila Trgovi\u0161\u0107e\",\"isPartOf\":{\"@id\":\"https:\/\/ttt.hr\/#website\"},\"datePublished\":\"2019-09-19T15:03:34+00:00\",\"description\":\"Tvornica tekstila Trgovi\u0161\u0107e vode\u0107i je proizvo\u0111a\u010d stolnog i posteljnog rublja od Milana do Istanbula.\",\"breadcrumb\":{\"@id\":\"https:\/\/ttt.hr\/odrzavanje\/#breadcrumb\"},\"inLanguage\":\"de\",\"potentialAction\":[{\"@type\":\"ReadAction\",\"target\":[\"https:\/\/ttt.hr\/odrzavanje\/\"]}]},{\"@type\":\"BreadcrumbList\",\"@id\":\"https:\/\/ttt.hr\/odrzavanje\/#breadcrumb\",\"itemListElement\":[{\"@type\":\"ListItem\",\"position\":1,\"name\":\"Home\",\"item\":\"https:\/\/ttt.hr\/de\/\"},{\"@type\":\"ListItem\",\"position\":2,\"name\":\"Pflege\"}]},{\"@type\":\"WebSite\",\"@id\":\"https:\/\/ttt.hr\/#website\",\"url\":\"https:\/\/ttt.hr\/\",\"name\":\"Tvornica tekstila Trgovi\u0161\u0107e\",\"description\":\"TTT\",\"publisher\":{\"@id\":\"https:\/\/ttt.hr\/#organization\"},\"potentialAction\":[{\"@type\":\"SearchAction\",\"target\":{\"@type\":\"EntryPoint\",\"urlTemplate\":\"https:\/\/ttt.hr\/?s={search_term_string}\"},\"query-input\":{\"@type\":\"PropertyValueSpecification\",\"valueRequired\":true,\"valueName\":\"search_term_string\"}}],\"inLanguage\":\"de\"},{\"@type\":\"Organization\",\"@id\":\"https:\/\/ttt.hr\/#organization\",\"name\":\"Tvornica Tekstila Trgovi\u0161\u0107e\",\"url\":\"https:\/\/ttt.hr\/\",\"logo\":{\"@type\":\"ImageObject\",\"inLanguage\":\"de\",\"@id\":\"https:\/\/ttt.hr\/#\/schema\/logo\/image\/\",\"url\":\"https:\/\/ttt.hr\/wp-content\/uploads\/2019\/07\/TTT_logo_grey-300.png\",\"contentUrl\":\"https:\/\/ttt.hr\/wp-content\/uploads\/2019\/07\/TTT_logo_grey-300.png\",\"width\":300,\"height\":81,\"caption\":\"Tvornica Tekstila Trgovi\u0161\u0107e\"},\"image\":{\"@id\":\"https:\/\/ttt.hr\/#\/schema\/logo\/image\/\"},\"sameAs\":[\"https:\/\/www.facebook.com\/TextileFactoryTrgovisce\/\",\"https:\/\/www.instagram.com\/felixincotton\/\",\"https:\/\/www.linkedin.com\/company\/tvornica-tekstila-trgovisce-d-o-o-\/about\/\"]}]}<\/script>\n<!-- \/ Yoast SEO plugin. -->","yoast_head_json":{"title":"Pflege - Tvornica tekstila Trgovi\u0161\u0107e","description":"Tvornica tekstila Trgovi\u0161\u0107e vode\u0107i je proizvo\u0111a\u010d stolnog i posteljnog rublja od Milana do Istanbula.","robots":{"index":"index","follow":"follow","max-snippet":"max-snippet:-1","max-image-preview":"max-image-preview:large","max-video-preview":"max-video-preview:-1"},"canonical":"https:\/\/ttt.hr\/odrzavanje\/","og_locale":"de_DE","og_type":"article","og_title":"Pflege - Tvornica tekstila Trgovi\u0161\u0107e","og_description":"Tvornica tekstila Trgovi\u0161\u0107e vode\u0107i je proizvo\u0111a\u010d stolnog i posteljnog rublja od Milana do Istanbula.","og_url":"https:\/\/ttt.hr\/odrzavanje\/","og_site_name":"Tvornica tekstila Trgovi\u0161\u0107e","article_publisher":"https:\/\/www.facebook.com\/TextileFactoryTrgovisce\/","twitter_card":"summary_large_image","twitter_misc":{"Gesch\u00e4tzte Lesezeit":"7\u00a0Minuten"},"schema":{"@context":"https:\/\/schema.org","@graph":[{"@type":"WebPage","@id":"https:\/\/ttt.hr\/odrzavanje\/","url":"https:\/\/ttt.hr\/odrzavanje\/","name":"Pflege - Tvornica tekstila Trgovi\u0161\u0107e","isPartOf":{"@id":"https:\/\/ttt.hr\/#website"},"datePublished":"2019-09-19T15:03:34+00:00","description":"Tvornica tekstila Trgovi\u0161\u0107e vode\u0107i je proizvo\u0111a\u010d stolnog i posteljnog rublja od Milana do Istanbula.","breadcrumb":{"@id":"https:\/\/ttt.hr\/odrzavanje\/#breadcrumb"},"inLanguage":"de","potentialAction":[{"@type":"ReadAction","target":["https:\/\/ttt.hr\/odrzavanje\/"]}]},{"@type":"BreadcrumbList","@id":"https:\/\/ttt.hr\/odrzavanje\/#breadcrumb","itemListElement":[{"@type":"ListItem","position":1,"name":"Home","item":"https:\/\/ttt.hr\/de\/"},{"@type":"ListItem","position":2,"name":"Pflege"}]},{"@type":"WebSite","@id":"https:\/\/ttt.hr\/#website","url":"https:\/\/ttt.hr\/","name":"Tvornica tekstila Trgovi\u0161\u0107e","description":"TTT","publisher":{"@id":"https:\/\/ttt.hr\/#organization"},"potentialAction":[{"@type":"SearchAction","target":{"@type":"EntryPoint","urlTemplate":"https:\/\/ttt.hr\/?s={search_term_string}"},"query-input":{"@type":"PropertyValueSpecification","valueRequired":true,"valueName":"search_term_string"}}],"inLanguage":"de"},{"@type":"Organization","@id":"https:\/\/ttt.hr\/#organization","name":"Tvornica Tekstila Trgovi\u0161\u0107e","url":"https:\/\/ttt.hr\/","logo":{"@type":"ImageObject","inLanguage":"de","@id":"https:\/\/ttt.hr\/#\/schema\/logo\/image\/","url":"https:\/\/ttt.hr\/wp-content\/uploads\/2019\/07\/TTT_logo_grey-300.png","contentUrl":"https:\/\/ttt.hr\/wp-content\/uploads\/2019\/07\/TTT_logo_grey-300.png","width":300,"height":81,"caption":"Tvornica Tekstila Trgovi\u0161\u0107e"},"image":{"@id":"https:\/\/ttt.hr\/#\/schema\/logo\/image\/"},"sameAs":["https:\/\/www.facebook.com\/TextileFactoryTrgovisce\/","https:\/\/www.instagram.com\/felixincotton\/","https:\/\/www.linkedin.com\/company\/tvornica-tekstila-trgovisce-d-o-o-\/about\/"]}]}},"_links":{"self":[{"href":"https:\/\/ttt.hr\/de\/wp-json\/wp\/v2\/pages\/1237","targetHints":{"allow":["GET"]}}],"collection":[{"href":"https:\/\/ttt.hr\/de\/wp-json\/wp\/v2\/pages"}],"about":[{"href":"https:\/\/ttt.hr\/de\/wp-json\/wp\/v2\/types\/page"}],"author":[{"embeddable":true,"href":"https:\/\/ttt.hr\/de\/wp-json\/wp\/v2\/users\/1"}],"replies":[{"embeddable":true,"href":"https:\/\/ttt.hr\/de\/wp-json\/wp\/v2\/comments?post=1237"}],"version-history":[{"count":2,"href":"https:\/\/ttt.hr\/de\/wp-json\/wp\/v2\/pages\/1237\/revisions"}],"predecessor-version":[{"id":1239,"href":"https:\/\/ttt.hr\/de\/wp-json\/wp\/v2\/pages\/1237\/revisions\/1239"}],"wp:attachment":[{"href":"https:\/\/ttt.hr\/de\/wp-json\/wp\/v2\/media?parent=1237"}],"curies":[{"name":"wp","href":"https:\/\/api.w.org\/{rel}","templated":true}]}}