{"id":1126,"date":"2019-08-14T17:12:49","date_gmt":"2019-08-14T17:12:49","guid":{"rendered":"https:\/\/ttt.hr\/?page_id=1126"},"modified":"2019-08-14T17:15:11","modified_gmt":"2019-08-14T17:15:11","slug":"care-guide","status":"publish","type":"page","link":"https:\/\/ttt.hr\/en\/care-guide\/","title":{"rendered":"Care guide"},"content":{"rendered":"\n<style type=\"text\/css\" data-created_by=\"avia_inline_auto\" id=\"style-css-av-1hq6z-ea0144fb8490641173b2f257029ab224\">\n.avia-section.av-1hq6z-ea0144fb8490641173b2f257029ab224{\nbackground-repeat:no-repeat;\nbackground-image:url(https:\/\/ttt.hr\/wp-content\/uploads\/2019\/07\/TH-Praonica-Stipe-Surac-4_1600_1067.jpg);\nbackground-position:50% 50%;\nbackground-attachment:scroll;\n}\n#top .avia-section.av-1hq6z-ea0144fb8490641173b2f257029ab224 .scroll-down-link{\ncolor:#a4a7a8;\n}\n<\/style>\n<div id='av_section_1'  class='avia-section av-1hq6z-ea0144fb8490641173b2f257029ab224 main_color avia-section-default avia-no-border-styling  avia-builder-el-0  el_before_av_section  avia-builder-el-first  avia-full-stretch avia-bg-style-scroll av-minimum-height av-minimum-height-75  container_wrap fullsize'  data-section-bg-repeat='stretch' data-av_minimum_height_pc='75'><div class=\"av-section-color-overlay-wrap\"><a href='#next-section' title='' class='scroll-down-link av-custom-scroll-down-color' aria-hidden='true' data-av_icon='\ue877' data-av_iconfont='entypo-fontello'><\/a><div class='container av-section-cont-open' ><main  role=\"main\" itemprop=\"mainContentOfPage\"  class='template-page content  av-content-full alpha units'><div class='post-entry post-entry-type-page post-entry-1126'><div class='entry-content-wrapper clearfix'>\n\n<style type=\"text\/css\" data-created_by=\"avia_inline_auto\" id=\"style-css-av-sz57-cfe9bf5c34b682df23d012d8dcc2b1ea\">\n.flex_column.av-sz57-cfe9bf5c34b682df23d012d8dcc2b1ea{\n-webkit-border-radius:0px 0px 0px 0px;\n-moz-border-radius:0px 0px 0px 0px;\nborder-radius:0px 0px 0px 0px;\n}\n<\/style>\n<div class='flex_column av-sz57-cfe9bf5c34b682df23d012d8dcc2b1ea av_one_full  avia-builder-el-1  avia-builder-el-no-sibling  first flex_column_div av-animated-generic fade-in av-zero-column-padding '     ><style type=\"text\/css\" data-created_by=\"avia_inline_auto\" id=\"style-css-av-jzbibesv-988430edb35e447b366a98773ed8425d\">\n#top .av-special-heading.av-jzbibesv-988430edb35e447b366a98773ed8425d{\npadding-bottom:10px;\ncolor:#ffffff;\nfont-size:70px;\n}\nbody .av-special-heading.av-jzbibesv-988430edb35e447b366a98773ed8425d .av-special-heading-tag .heading-char{\nfont-size:25px;\n}\n#top #wrap_all .av-special-heading.av-jzbibesv-988430edb35e447b366a98773ed8425d .av-special-heading-tag{\nfont-size:70px;\n}\n.av-special-heading.av-jzbibesv-988430edb35e447b366a98773ed8425d .special-heading-inner-border{\nborder-color:#ffffff;\n}\n.av-special-heading.av-jzbibesv-988430edb35e447b366a98773ed8425d .av-subheading{\nfont-size:20px;\n}\n\n@media only screen and (min-width: 480px) and (max-width: 767px){ \n#top #wrap_all .av-special-heading.av-jzbibesv-988430edb35e447b366a98773ed8425d .av-special-heading-tag{\nfont-size:0.8em;\n}\n}\n\n@media only screen and (max-width: 479px){ \n#top #wrap_all .av-special-heading.av-jzbibesv-988430edb35e447b366a98773ed8425d .av-special-heading-tag{\nfont-size:0.8em;\n}\n}\n<\/style>\n<div  class='av-special-heading av-jzbibesv-988430edb35e447b366a98773ed8425d av-special-heading-h3 custom-color-heading blockquote modern-quote modern-centered  avia-builder-el-2  avia-builder-el-no-sibling  av-thin-font av-inherit-size'><h3 class='av-special-heading-tag'  itemprop=\"headline\"  ><strong>Care guide<\/strong><\/h3><div class=\"special-heading-border\"><div class=\"special-heading-inner-border\"><\/div><\/div><\/div><\/div>\n\n<\/div><\/div><\/main><!-- close content main element --><\/div><\/div><\/div><div id='av_section_2'  class='avia-section av-jx48srp8-c599bc1c9445a7911862b3430e9b6a46 main_color avia-section-default avia-no-border-styling  avia-builder-el-3  el_after_av_section  avia-builder-el-last  avia-bg-style-scroll container_wrap fullsize'  ><div class='container av-section-cont-open' ><div class='template-page content  av-content-full alpha units'><div class='post-entry post-entry-type-page post-entry-1126'><div class='entry-content-wrapper clearfix'>\n<div class='flex_column_table av-jx494sfy-b4471b11a91082985304bc0d455ba894 sc-av_one_full av-equal-height-column-flextable'>\n<style type=\"text\/css\" data-created_by=\"avia_inline_auto\" id=\"style-css-av-jx494sfy-b4471b11a91082985304bc0d455ba894\">\n.flex_column.av-jx494sfy-b4471b11a91082985304bc0d455ba894{\n-webkit-border-radius:0px 0px 0px 0px;\n-moz-border-radius:0px 0px 0px 0px;\nborder-radius:0px 0px 0px 0px;\n}\n<\/style>\n<div class='flex_column av-jx494sfy-b4471b11a91082985304bc0d455ba894 av_one_full  avia-builder-el-4  el_before_av_one_full  avia-builder-el-first  first flex_column_table_cell av-equal-height-column av-align-middle av-zero-column-padding '     ><p>\n<style type=\"text\/css\" data-created_by=\"avia_inline_auto\" id=\"style-css-av-av_heading-6faf0563e21f819ad1fa808306c48e4f\">\n#top .av-special-heading.av-av_heading-6faf0563e21f819ad1fa808306c48e4f{\npadding-bottom:10px;\nfont-size:28px;\n}\nbody .av-special-heading.av-av_heading-6faf0563e21f819ad1fa808306c48e4f .av-special-heading-tag .heading-char{\nfont-size:25px;\n}\n#top #wrap_all .av-special-heading.av-av_heading-6faf0563e21f819ad1fa808306c48e4f .av-special-heading-tag{\nfont-size:28px;\n}\n.av-special-heading.av-av_heading-6faf0563e21f819ad1fa808306c48e4f .av-subheading{\nfont-size:20px;\n}\n\n@media only screen and (min-width: 480px) and (max-width: 767px){ \n#top #wrap_all .av-special-heading.av-av_heading-6faf0563e21f819ad1fa808306c48e4f .av-special-heading-tag{\nfont-size:0.8em;\n}\n}\n\n@media only screen and (max-width: 479px){ \n#top #wrap_all .av-special-heading.av-av_heading-6faf0563e21f819ad1fa808306c48e4f .av-special-heading-tag{\nfont-size:0.8em;\n}\n}\n<\/style>\n<div  class='av-special-heading av-av_heading-6faf0563e21f819ad1fa808306c48e4f av-special-heading-h3 blockquote modern-quote  avia-builder-el-5  el_before_av_hr  avia-builder-el-first  av-thin-font av-inherit-size'><h3 class='av-special-heading-tag'  itemprop=\"headline\"  ><strong>How to care for your luxury linens<\/strong><\/h3><div class=\"special-heading-border\"><div class=\"special-heading-inner-border\"><\/div><\/div><\/div><br \/>\n\n<style type=\"text\/css\" data-created_by=\"avia_inline_auto\" id=\"style-css-av-jx4e8cgc-5c541ffff749e3469d0d291c5c964e41\">\n#top .hr.av-jx4e8cgc-5c541ffff749e3469d0d291c5c964e41{\nmargin-top:5px;\nmargin-bottom:5px;\n}\n.hr.av-jx4e8cgc-5c541ffff749e3469d0d291c5c964e41 .hr-inner{\nwidth:50px;\nborder-color:#5988c5;\n}\n<\/style>\n<div  class='hr av-jx4e8cgc-5c541ffff749e3469d0d291c5c964e41 hr-custom  avia-builder-el-6  el_after_av_heading  avia-builder-el-last  hr-left hr-icon-no'><span class='hr-inner inner-border-av-border-fat'><span class=\"hr-inner-style\"><\/span><\/span><\/div><\/p><\/div><\/div><!--close column table wrapper. Autoclose: 1 --><div class='flex_column_table av-jx494sfy-b4471b11a91082985304bc0d455ba894 sc-av_one_full av-equal-height-column-flextable'>\n<style type=\"text\/css\" data-created_by=\"avia_inline_auto\" id=\"style-css-av-jx494sfy-b4471b11a91082985304bc0d455ba894\">\n.flex_column.av-jx494sfy-b4471b11a91082985304bc0d455ba894{\n-webkit-border-radius:0px 0px 0px 0px;\n-moz-border-radius:0px 0px 0px 0px;\nborder-radius:0px 0px 0px 0px;\n}\n<\/style>\n<div class='flex_column av-jx494sfy-b4471b11a91082985304bc0d455ba894 av_one_full  avia-builder-el-7  el_after_av_one_full  avia-builder-el-last  first flex_column_table_cell av-equal-height-column av-align-middle av-zero-column-padding column-top-margin'     ><section  class='av_textblock_section av-jx49315p-f21348efa9bb18bc9a389ba8ca68421c'  itemscope=\"itemscope\" itemtype=\"https:\/\/schema.org\/CreativeWork\" ><div class='avia_textblock'  itemprop=\"text\" ><p>NEW LINEN<\/p>\n<p>We strongly recommend that you wash your new laundry before use. Primarily in order to eliminate industrial odour and allow the natural materials to relax. The laundry is mostly done a bit bigger in order to fit the expected shrinking so that after washing it perfectly suits your needs.<\/p>\n<p>SORTING<\/p>\n<p>White and colored linens should always be washed separately. A new piece of fabric contains some excess color that gets washed out during the first few washes. Therefore, linens should always be sorted before washing according to the intensity of the colour (separate light from dark tones).<\/p>\n<p>FOLDING FABRIC<\/p>\n<p>Fabric should be spread for washing. To avoid removing any coloration, do not wash the goods in a folded state. Also, keep in mind that the washing machine should not be too full since overloads put pressure on the load and could cause wrinkles, bleaching or damage to the fabric.<\/p>\n<p>DOSAGE OF DETERGENT<\/p>\n<p>Follow the dosages listed on the instructions. Small amounts of detergent result in the formation of a lime scale on the laundry. Plaques causes fabric stiffness as well as a decreas in whiteness.<\/p>\n<p>OPTICAL BLEACH<\/p>\n<p><strong>White linen<\/strong> should always be washed with a detergent that contains an optical bleach to maintain a high degree of whiteness.<\/p>\n<p><strong>For colored linen<\/strong>, the optical bleach has a negative effect on the fabric, it changes and brightens the shade (especially in pastel colours). Therefore, coloured linen should only be washed with detergents that do not contain optical bleach.<\/p>\n<p>Most of today&#8217;s detergents contain optical bleach and it is very difficult to avoid it. One of the advantages of our colored linen is that it tolerates the optical bleach well. To reduce the appearance of bleaching, already in the production stage, we have tinted bright tones with an appropriate amount of optical white.<\/p>\n<p>WASHING WITH CHLORINE<\/p>\n<p>Although all the goods are painted with reductive dyes and are therefore resistant to chlorine, we recommend that you do not use chlorine based agents whenever possible. Chlorine as such damages the cotton material and using it, your laundry will last less.<\/p>\n<p>DRYING<\/p>\n<p>Use lower temperature when drying your linen so that there is no &#8220;overheating&#8221; that can significantly increase the shrinkage.<\/p>\n<p>IRONING<\/p>\n<p>Be sure to follow instructions. To get a smooth texture and stability, always iron in the vertical direction (fabric warp direction). When ironing, be sure to dampen your linen so that it irons better (optimum humidity of 20%).<\/p>\n<p>CARE SYMBOLS<\/p>\n<p>Be sure to follow the instructions and symbols given by the producer care guide.<\/p>\n<\/div><\/section><\/div><\/div><!--close column table wrapper. Autoclose: 1 -->\n","protected":false},"excerpt":{"rendered":"","protected":false},"author":1,"featured_media":0,"parent":0,"menu_order":0,"comment_status":"closed","ping_status":"closed","template":"","meta":{"_acf_changed":false,"footnotes":""},"class_list":["post-1126","page","type-page","status-publish","hentry"],"acf":[],"yoast_head":"<!-- This site is optimized with the Yoast SEO plugin v27.2 - https:\/\/yoast.com\/product\/yoast-seo-wordpress\/ -->\n<title>Care guide - Tvornica tekstila Trgovi\u0161\u0107e<\/title>\n<meta name=\"description\" content=\"Tvornica tekstila Trgovi\u0161\u0107e vode\u0107i je proizvo\u0111a\u010d stolnog i posteljnog rublja od Milana do Istanbula.\" \/>\n<meta name=\"robots\" content=\"index, follow, max-snippet:-1, max-image-preview:large, max-video-preview:-1\" \/>\n<link rel=\"canonical\" href=\"https:\/\/ttt.hr\/odrzavanje\/\" \/>\n<meta property=\"og:locale\" content=\"en_US\" \/>\n<meta property=\"og:type\" content=\"article\" \/>\n<meta property=\"og:title\" content=\"Care guide - Tvornica tekstila Trgovi\u0161\u0107e\" \/>\n<meta property=\"og:description\" content=\"Tvornica tekstila Trgovi\u0161\u0107e vode\u0107i je proizvo\u0111a\u010d stolnog i posteljnog rublja od Milana do Istanbula.\" \/>\n<meta property=\"og:url\" content=\"https:\/\/ttt.hr\/odrzavanje\/\" \/>\n<meta property=\"og:site_name\" content=\"Tvornica tekstila Trgovi\u0161\u0107e\" \/>\n<meta property=\"article:publisher\" content=\"https:\/\/www.facebook.com\/TextileFactoryTrgovisce\/\" \/>\n<meta property=\"article:modified_time\" content=\"2019-08-14T17:15:11+00:00\" \/>\n<meta name=\"twitter:card\" content=\"summary_large_image\" \/>\n<meta name=\"twitter:label1\" content=\"Est. reading time\" \/>\n\t<meta name=\"twitter:data1\" content=\"6 minutes\" \/>\n<script type=\"application\/ld+json\" class=\"yoast-schema-graph\">{\"@context\":\"https:\/\/schema.org\",\"@graph\":[{\"@type\":\"WebPage\",\"@id\":\"https:\/\/ttt.hr\/odrzavanje\/\",\"url\":\"https:\/\/ttt.hr\/odrzavanje\/\",\"name\":\"Care guide - Tvornica tekstila Trgovi\u0161\u0107e\",\"isPartOf\":{\"@id\":\"https:\/\/ttt.hr\/#website\"},\"datePublished\":\"2019-08-14T17:12:49+00:00\",\"dateModified\":\"2019-08-14T17:15:11+00:00\",\"description\":\"Tvornica tekstila Trgovi\u0161\u0107e vode\u0107i je proizvo\u0111a\u010d stolnog i posteljnog rublja od Milana do Istanbula.\",\"breadcrumb\":{\"@id\":\"https:\/\/ttt.hr\/odrzavanje\/#breadcrumb\"},\"inLanguage\":\"en-US\",\"potentialAction\":[{\"@type\":\"ReadAction\",\"target\":[\"https:\/\/ttt.hr\/odrzavanje\/\"]}]},{\"@type\":\"BreadcrumbList\",\"@id\":\"https:\/\/ttt.hr\/odrzavanje\/#breadcrumb\",\"itemListElement\":[{\"@type\":\"ListItem\",\"position\":1,\"name\":\"Home\",\"item\":\"https:\/\/ttt.hr\/en\/\"},{\"@type\":\"ListItem\",\"position\":2,\"name\":\"Care guide\"}]},{\"@type\":\"WebSite\",\"@id\":\"https:\/\/ttt.hr\/#website\",\"url\":\"https:\/\/ttt.hr\/\",\"name\":\"Tvornica tekstila Trgovi\u0161\u0107e\",\"description\":\"TTT\",\"publisher\":{\"@id\":\"https:\/\/ttt.hr\/#organization\"},\"potentialAction\":[{\"@type\":\"SearchAction\",\"target\":{\"@type\":\"EntryPoint\",\"urlTemplate\":\"https:\/\/ttt.hr\/?s={search_term_string}\"},\"query-input\":{\"@type\":\"PropertyValueSpecification\",\"valueRequired\":true,\"valueName\":\"search_term_string\"}}],\"inLanguage\":\"en-US\"},{\"@type\":\"Organization\",\"@id\":\"https:\/\/ttt.hr\/#organization\",\"name\":\"Tvornica Tekstila Trgovi\u0161\u0107e\",\"url\":\"https:\/\/ttt.hr\/\",\"logo\":{\"@type\":\"ImageObject\",\"inLanguage\":\"en-US\",\"@id\":\"https:\/\/ttt.hr\/#\/schema\/logo\/image\/\",\"url\":\"https:\/\/ttt.hr\/wp-content\/uploads\/2019\/07\/TTT_logo_grey-300.png\",\"contentUrl\":\"https:\/\/ttt.hr\/wp-content\/uploads\/2019\/07\/TTT_logo_grey-300.png\",\"width\":300,\"height\":81,\"caption\":\"Tvornica Tekstila Trgovi\u0161\u0107e\"},\"image\":{\"@id\":\"https:\/\/ttt.hr\/#\/schema\/logo\/image\/\"},\"sameAs\":[\"https:\/\/www.facebook.com\/TextileFactoryTrgovisce\/\",\"https:\/\/www.instagram.com\/felixincotton\/\",\"https:\/\/www.linkedin.com\/company\/tvornica-tekstila-trgovisce-d-o-o-\/about\/\"]}]}<\/script>\n<!-- \/ Yoast SEO plugin. -->","yoast_head_json":{"title":"Care guide - Tvornica tekstila Trgovi\u0161\u0107e","description":"Tvornica tekstila Trgovi\u0161\u0107e vode\u0107i je proizvo\u0111a\u010d stolnog i posteljnog rublja od Milana do Istanbula.","robots":{"index":"index","follow":"follow","max-snippet":"max-snippet:-1","max-image-preview":"max-image-preview:large","max-video-preview":"max-video-preview:-1"},"canonical":"https:\/\/ttt.hr\/odrzavanje\/","og_locale":"en_US","og_type":"article","og_title":"Care guide - Tvornica tekstila Trgovi\u0161\u0107e","og_description":"Tvornica tekstila Trgovi\u0161\u0107e vode\u0107i je proizvo\u0111a\u010d stolnog i posteljnog rublja od Milana do Istanbula.","og_url":"https:\/\/ttt.hr\/odrzavanje\/","og_site_name":"Tvornica tekstila Trgovi\u0161\u0107e","article_publisher":"https:\/\/www.facebook.com\/TextileFactoryTrgovisce\/","article_modified_time":"2019-08-14T17:15:11+00:00","twitter_card":"summary_large_image","twitter_misc":{"Est. reading time":"6 minutes"},"schema":{"@context":"https:\/\/schema.org","@graph":[{"@type":"WebPage","@id":"https:\/\/ttt.hr\/odrzavanje\/","url":"https:\/\/ttt.hr\/odrzavanje\/","name":"Care guide - Tvornica tekstila Trgovi\u0161\u0107e","isPartOf":{"@id":"https:\/\/ttt.hr\/#website"},"datePublished":"2019-08-14T17:12:49+00:00","dateModified":"2019-08-14T17:15:11+00:00","description":"Tvornica tekstila Trgovi\u0161\u0107e vode\u0107i je proizvo\u0111a\u010d stolnog i posteljnog rublja od Milana do Istanbula.","breadcrumb":{"@id":"https:\/\/ttt.hr\/odrzavanje\/#breadcrumb"},"inLanguage":"en-US","potentialAction":[{"@type":"ReadAction","target":["https:\/\/ttt.hr\/odrzavanje\/"]}]},{"@type":"BreadcrumbList","@id":"https:\/\/ttt.hr\/odrzavanje\/#breadcrumb","itemListElement":[{"@type":"ListItem","position":1,"name":"Home","item":"https:\/\/ttt.hr\/en\/"},{"@type":"ListItem","position":2,"name":"Care guide"}]},{"@type":"WebSite","@id":"https:\/\/ttt.hr\/#website","url":"https:\/\/ttt.hr\/","name":"Tvornica tekstila Trgovi\u0161\u0107e","description":"TTT","publisher":{"@id":"https:\/\/ttt.hr\/#organization"},"potentialAction":[{"@type":"SearchAction","target":{"@type":"EntryPoint","urlTemplate":"https:\/\/ttt.hr\/?s={search_term_string}"},"query-input":{"@type":"PropertyValueSpecification","valueRequired":true,"valueName":"search_term_string"}}],"inLanguage":"en-US"},{"@type":"Organization","@id":"https:\/\/ttt.hr\/#organization","name":"Tvornica Tekstila Trgovi\u0161\u0107e","url":"https:\/\/ttt.hr\/","logo":{"@type":"ImageObject","inLanguage":"en-US","@id":"https:\/\/ttt.hr\/#\/schema\/logo\/image\/","url":"https:\/\/ttt.hr\/wp-content\/uploads\/2019\/07\/TTT_logo_grey-300.png","contentUrl":"https:\/\/ttt.hr\/wp-content\/uploads\/2019\/07\/TTT_logo_grey-300.png","width":300,"height":81,"caption":"Tvornica Tekstila Trgovi\u0161\u0107e"},"image":{"@id":"https:\/\/ttt.hr\/#\/schema\/logo\/image\/"},"sameAs":["https:\/\/www.facebook.com\/TextileFactoryTrgovisce\/","https:\/\/www.instagram.com\/felixincotton\/","https:\/\/www.linkedin.com\/company\/tvornica-tekstila-trgovisce-d-o-o-\/about\/"]}]}},"_links":{"self":[{"href":"https:\/\/ttt.hr\/en\/wp-json\/wp\/v2\/pages\/1126","targetHints":{"allow":["GET"]}}],"collection":[{"href":"https:\/\/ttt.hr\/en\/wp-json\/wp\/v2\/pages"}],"about":[{"href":"https:\/\/ttt.hr\/en\/wp-json\/wp\/v2\/types\/page"}],"author":[{"embeddable":true,"href":"https:\/\/ttt.hr\/en\/wp-json\/wp\/v2\/users\/1"}],"replies":[{"embeddable":true,"href":"https:\/\/ttt.hr\/en\/wp-json\/wp\/v2\/comments?post=1126"}],"version-history":[{"count":4,"href":"https:\/\/ttt.hr\/en\/wp-json\/wp\/v2\/pages\/1126\/revisions"}],"predecessor-version":[{"id":1131,"href":"https:\/\/ttt.hr\/en\/wp-json\/wp\/v2\/pages\/1126\/revisions\/1131"}],"wp:attachment":[{"href":"https:\/\/ttt.hr\/en\/wp-json\/wp\/v2\/media?parent=1126"}],"curies":[{"name":"wp","href":"https:\/\/api.w.org\/{rel}","templated":true}]}}