{"id":4067,"date":"2025-10-03T12:44:23","date_gmt":"2025-10-03T12:44:23","guid":{"rendered":"https:\/\/ttt.hr\/?page_id=4067"},"modified":"2025-11-05T18:10:31","modified_gmt":"2025-11-05T18:10:31","slug":"sustainability","status":"publish","type":"page","link":"https:\/\/ttt.hr\/en\/sustainability\/","title":{"rendered":"Sustainability"},"content":{"rendered":"\n<style type=\"text\/css\" data-created_by=\"avia_inline_auto\" id=\"style-css-av-1hq6z-42f799e32ced728b9a22c17ebf61ffbc\">\n.avia-section.av-1hq6z-42f799e32ced728b9a22c17ebf61ffbc{\nbackground-repeat:no-repeat;\nbackground-image:url(https:\/\/ttt.hr\/wp-content\/uploads\/2019\/07\/O-nama_1-crop.jpg);\nbackground-position:50% 0%;\nbackground-attachment:scroll;\n}\n.avia-section.av-1hq6z-42f799e32ced728b9a22c17ebf61ffbc .av-section-color-overlay{\nopacity:0.1;\nbackground-color:#000000;\n}\n#top .avia-section.av-1hq6z-42f799e32ced728b9a22c17ebf61ffbc .scroll-down-link{\ncolor:#ffffff;\n}\n<\/style>\n<div id='av_section_1'  class='avia-section av-1hq6z-42f799e32ced728b9a22c17ebf61ffbc main_color avia-section-default avia-no-border-styling  avia-builder-el-0  el_before_av_one_full  avia-builder-el-first  avia-full-stretch avia-bg-style-scroll av-section-color-overlay-active av-minimum-height av-minimum-height-75  container_wrap fullsize'  data-section-bg-repeat='stretch' data-av_minimum_height_pc='75'><div class=\"av-section-color-overlay-wrap\"><div class=\"av-section-color-overlay\"><\/div><a href='#next-section' title='' class='scroll-down-link av-custom-scroll-down-color' aria-hidden='true' data-av_icon='\ue877' data-av_iconfont='entypo-fontello'><\/a><div class='container av-section-cont-open' ><main  role=\"main\" itemprop=\"mainContentOfPage\"  class='template-page content  av-content-full alpha units'><div class='post-entry post-entry-type-page post-entry-4067'><div class='entry-content-wrapper clearfix'>\n\n<style type=\"text\/css\" data-created_by=\"avia_inline_auto\" id=\"style-css-av-sz57-cfe9bf5c34b682df23d012d8dcc2b1ea\">\n.flex_column.av-sz57-cfe9bf5c34b682df23d012d8dcc2b1ea{\n-webkit-border-radius:0px 0px 0px 0px;\n-moz-border-radius:0px 0px 0px 0px;\nborder-radius:0px 0px 0px 0px;\n}\n<\/style>\n<div class='flex_column av-sz57-cfe9bf5c34b682df23d012d8dcc2b1ea av_one_full  avia-builder-el-1  avia-builder-el-no-sibling  first flex_column_div av-animated-generic fade-in av-zero-column-padding '     ><style type=\"text\/css\" data-created_by=\"avia_inline_auto\" id=\"style-css-av-jysoqjh5-3a32446aae18806c6f1698ae6d4beed3\">\n#top .av-special-heading.av-jysoqjh5-3a32446aae18806c6f1698ae6d4beed3{\npadding-bottom:10px;\ncolor:#ffffff;\nfont-size:70px;\n}\nbody .av-special-heading.av-jysoqjh5-3a32446aae18806c6f1698ae6d4beed3 .av-special-heading-tag .heading-char{\nfont-size:25px;\n}\n#top #wrap_all .av-special-heading.av-jysoqjh5-3a32446aae18806c6f1698ae6d4beed3 .av-special-heading-tag{\nfont-size:70px;\n}\n.av-special-heading.av-jysoqjh5-3a32446aae18806c6f1698ae6d4beed3 .special-heading-inner-border{\nborder-color:#ffffff;\n}\n.av-special-heading.av-jysoqjh5-3a32446aae18806c6f1698ae6d4beed3 .av-subheading{\nfont-size:20px;\n}\n\n@media only screen and (min-width: 480px) and (max-width: 767px){ \n#top #wrap_all .av-special-heading.av-jysoqjh5-3a32446aae18806c6f1698ae6d4beed3 .av-special-heading-tag{\nfont-size:0.8em;\n}\n}\n\n@media only screen and (max-width: 479px){ \n#top #wrap_all .av-special-heading.av-jysoqjh5-3a32446aae18806c6f1698ae6d4beed3 .av-special-heading-tag{\nfont-size:0.8em;\n}\n}\n<\/style>\n<div  class='av-special-heading av-jysoqjh5-3a32446aae18806c6f1698ae6d4beed3 av-special-heading-h3 custom-color-heading blockquote modern-quote modern-centered  avia-builder-el-2  avia-builder-el-no-sibling  av-thin-font av-inherit-size av-linked-heading'><h3 class='av-special-heading-tag'  itemprop=\"headline\"  ><strong>Sustainability<\/strong><\/h3><div class=\"special-heading-border\"><div class=\"special-heading-inner-border\"><\/div><\/div><\/div><\/div>\n<\/div><\/div><\/main><!-- close content main element --><\/div><\/div><\/div><div id='after_section_1'  class='main_color av_default_container_wrap container_wrap fullsize'  ><div class='container av-section-cont-open' ><div class='template-page content  av-content-full alpha units'><div class='post-entry post-entry-type-page post-entry-4067'><div class='entry-content-wrapper clearfix'>\n<div class='flex_column av-av_one_full-a961ec8c42a44a397321d1a2224da3ca av_one_full  avia-builder-el-3  el_after_av_section  avia-builder-el-no-sibling  first flex_column_div '     ><section  class='av_textblock_section av-jx49315p-78deafac3d1492c37d717d72c29293ee'  itemscope=\"itemscope\" itemtype=\"https:\/\/schema.org\/CreativeWork\" ><div class='avia_textblock'  itemprop=\"text\" ><div><b>Sustainability at Tvornica tekstila Trgovi\u0161\u0107e\u00a0\u00a0<\/b><\/div>\n<div>\n<p>For more than a century, we have nurtured the tradition of producing premium damask and textile products \u2013 and equally, our responsibility towards people, the environment, and the community in which we operate. Our commitment to sustainability covers three key areas:<\/p>\n<ul>\n<li><strong>Environment<\/strong> \u2013 reducing the impact of production on nature, responsible use of resources, and designing long-lasting products.<\/li>\n<li><strong>Society<\/strong> \u2013 respecting human rights, ensuring safe and fair working conditions, equality, and non-discrimination.<\/li>\n<li><strong>Governance<\/strong> \u2013 ethical business practices, transparency, and cooperation with partners who share the same values.<\/li>\n<\/ul>\n<p>Our commitments are based on international standards and conventions, including <strong>ILO Conventions<\/strong>, the <strong>UN Guiding Principles on Business and Human Rights (UNGPs)<\/strong>, and the <strong>OECD Guidelines for Multinational Enterprises<\/strong>.<\/p>\n<p>Below you can find our policies and codes of conduct, which form the foundation of responsible business at Tvornica tekstila Trgovi\u0161\u0107e:<\/p>\n<p><a href=\"https:\/\/ttt.hr\/wp-content\/uploads\/2025\/11\/Code-of-Conduct-TTT-eng.pdf\" target=\"_blank\" rel=\"noopener\"><strong>Code of Conduct<\/strong><\/a><\/p>\n<p><a href=\"https:\/\/ttt.hr\/wp-content\/uploads\/2025\/11\/Code-of-Ethics-TTT-eng.pdf\" target=\"_blank\" rel=\"noopener\"><strong>Code of Ethics<\/strong><\/a><\/p>\n<p><strong><a href=\"https:\/\/ttt.hr\/wp-content\/uploads\/2025\/11\/Supplier-Code-of-Conduct-TTT-eng.pdf\" target=\"_blank\" rel=\"noopener\">Supplier Code of Conduct<\/a><\/strong><\/p>\n<p><a href=\"https:\/\/ttt.hr\/wp-content\/uploads\/2025\/11\/Environmental-Policy-TTT-eng.pdf\" target=\"_blank\" rel=\"noopener\"><strong>Environmental Policy<\/strong><\/a><\/p>\n<p><a href=\"https:\/\/ttt.hr\/wp-content\/uploads\/2025\/10\/Equality-and-Non-Discrimination-Policy.pdf\" target=\"_blank\" rel=\"noopener\"><strong>Equality and Non-Discrimination Policy<\/strong><\/a><\/p>\n<p><a href=\"https:\/\/ttt.hr\/wp-content\/uploads\/2025\/11\/Health-and-Safety-Policy-TTT-eng.pdf\" target=\"_blank\" rel=\"noopener\"><strong>Health and Safety Policy<\/strong><\/a><\/p>\n<p><a href=\"https:\/\/ttt.hr\/wp-content\/uploads\/2025\/10\/ESG-Policy-and-Program.pdf\" target=\"_blank\" rel=\"noopener\"><strong>ESG Policy and Program<\/strong><\/a><\/p>\n<p><a href=\"https:\/\/ttt.hr\/wp-content\/uploads\/2025\/10\/Grievance-Handling-Procedure.pdf\" target=\"_blank\" rel=\"noopener\"><strong>Grievance Handling Procedure<\/strong><\/a><\/p>\n<p><a href=\"https:\/\/ttt.hr\/wp-content\/uploads\/2025\/10\/Forced-Labor-Prohibition-Policy.pdf\" target=\"_blank\" rel=\"noopener\"><strong>Forced Labor Prohibition Policy<\/strong><\/a><\/p>\n<p><a href=\"https:\/\/ttt.hr\/wp-content\/uploads\/2025\/10\/Child-Labor-Prevention-and-Prohibition-Policy.pdf\" target=\"_blank\" rel=\"noopener\"><strong>Child Labor Prevention and Prohibition Policy<\/strong><\/a><\/p>\n<\/div>\n<\/div><\/section><\/div>\n","protected":false},"excerpt":{"rendered":"","protected":false},"author":1,"featured_media":0,"parent":0,"menu_order":0,"comment_status":"closed","ping_status":"closed","template":"","meta":{"_acf_changed":false,"footnotes":""},"class_list":["post-4067","page","type-page","status-publish","hentry"],"acf":[],"yoast_head":"<!-- This site is optimized with the Yoast SEO plugin v27.2 - https:\/\/yoast.com\/product\/yoast-seo-wordpress\/ -->\n<title>Sustainability - Tvornica tekstila Trgovi\u0161\u0107e<\/title>\n<meta name=\"description\" content=\"Tvornica tekstila Trgovi\u0161\u0107e vode\u0107i je proizvo\u0111a\u010d stolnog i posteljnog rublja od Milana do Istanbula.\" \/>\n<meta name=\"robots\" content=\"index, follow, max-snippet:-1, max-image-preview:large, max-video-preview:-1\" \/>\n<link rel=\"canonical\" href=\"https:\/\/ttt.hr\/odrzivost\/\" \/>\n<meta property=\"og:locale\" content=\"en_US\" \/>\n<meta property=\"og:type\" content=\"article\" \/>\n<meta property=\"og:title\" content=\"Sustainability - Tvornica tekstila Trgovi\u0161\u0107e\" \/>\n<meta property=\"og:description\" content=\"Tvornica tekstila Trgovi\u0161\u0107e vode\u0107i je proizvo\u0111a\u010d stolnog i posteljnog rublja od Milana do Istanbula.\" \/>\n<meta property=\"og:url\" content=\"https:\/\/ttt.hr\/odrzivost\/\" \/>\n<meta property=\"og:site_name\" content=\"Tvornica tekstila Trgovi\u0161\u0107e\" \/>\n<meta property=\"article:publisher\" content=\"https:\/\/www.facebook.com\/TextileFactoryTrgovisce\/\" \/>\n<meta property=\"article:modified_time\" content=\"2025-11-05T18:10:31+00:00\" \/>\n<meta name=\"twitter:card\" content=\"summary_large_image\" \/>\n<meta name=\"twitter:label1\" content=\"Est. reading time\" \/>\n\t<meta name=\"twitter:data1\" content=\"3 minutes\" \/>\n<script type=\"application\/ld+json\" class=\"yoast-schema-graph\">{\"@context\":\"https:\/\/schema.org\",\"@graph\":[{\"@type\":\"WebPage\",\"@id\":\"https:\/\/ttt.hr\/odrzivost\/\",\"url\":\"https:\/\/ttt.hr\/odrzivost\/\",\"name\":\"Sustainability - Tvornica tekstila Trgovi\u0161\u0107e\",\"isPartOf\":{\"@id\":\"https:\/\/ttt.hr\/#website\"},\"datePublished\":\"2025-10-03T12:44:23+00:00\",\"dateModified\":\"2025-11-05T18:10:31+00:00\",\"description\":\"Tvornica tekstila Trgovi\u0161\u0107e vode\u0107i je proizvo\u0111a\u010d stolnog i posteljnog rublja od Milana do Istanbula.\",\"breadcrumb\":{\"@id\":\"https:\/\/ttt.hr\/odrzivost\/#breadcrumb\"},\"inLanguage\":\"en-US\",\"potentialAction\":[{\"@type\":\"ReadAction\",\"target\":[\"https:\/\/ttt.hr\/odrzivost\/\"]}]},{\"@type\":\"BreadcrumbList\",\"@id\":\"https:\/\/ttt.hr\/odrzivost\/#breadcrumb\",\"itemListElement\":[{\"@type\":\"ListItem\",\"position\":1,\"name\":\"Home\",\"item\":\"https:\/\/ttt.hr\/en\/\"},{\"@type\":\"ListItem\",\"position\":2,\"name\":\"Sustainability\"}]},{\"@type\":\"WebSite\",\"@id\":\"https:\/\/ttt.hr\/#website\",\"url\":\"https:\/\/ttt.hr\/\",\"name\":\"Tvornica tekstila Trgovi\u0161\u0107e\",\"description\":\"TTT\",\"publisher\":{\"@id\":\"https:\/\/ttt.hr\/#organization\"},\"potentialAction\":[{\"@type\":\"SearchAction\",\"target\":{\"@type\":\"EntryPoint\",\"urlTemplate\":\"https:\/\/ttt.hr\/?s={search_term_string}\"},\"query-input\":{\"@type\":\"PropertyValueSpecification\",\"valueRequired\":true,\"valueName\":\"search_term_string\"}}],\"inLanguage\":\"en-US\"},{\"@type\":\"Organization\",\"@id\":\"https:\/\/ttt.hr\/#organization\",\"name\":\"Tvornica Tekstila Trgovi\u0161\u0107e\",\"url\":\"https:\/\/ttt.hr\/\",\"logo\":{\"@type\":\"ImageObject\",\"inLanguage\":\"en-US\",\"@id\":\"https:\/\/ttt.hr\/#\/schema\/logo\/image\/\",\"url\":\"https:\/\/ttt.hr\/wp-content\/uploads\/2019\/07\/TTT_logo_grey-300.png\",\"contentUrl\":\"https:\/\/ttt.hr\/wp-content\/uploads\/2019\/07\/TTT_logo_grey-300.png\",\"width\":300,\"height\":81,\"caption\":\"Tvornica Tekstila Trgovi\u0161\u0107e\"},\"image\":{\"@id\":\"https:\/\/ttt.hr\/#\/schema\/logo\/image\/\"},\"sameAs\":[\"https:\/\/www.facebook.com\/TextileFactoryTrgovisce\/\",\"https:\/\/www.instagram.com\/felixincotton\/\",\"https:\/\/www.linkedin.com\/company\/tvornica-tekstila-trgovisce-d-o-o-\/about\/\"]}]}<\/script>\n<!-- \/ Yoast SEO plugin. -->","yoast_head_json":{"title":"Sustainability - Tvornica tekstila Trgovi\u0161\u0107e","description":"Tvornica tekstila Trgovi\u0161\u0107e vode\u0107i je proizvo\u0111a\u010d stolnog i posteljnog rublja od Milana do Istanbula.","robots":{"index":"index","follow":"follow","max-snippet":"max-snippet:-1","max-image-preview":"max-image-preview:large","max-video-preview":"max-video-preview:-1"},"canonical":"https:\/\/ttt.hr\/odrzivost\/","og_locale":"en_US","og_type":"article","og_title":"Sustainability - Tvornica tekstila Trgovi\u0161\u0107e","og_description":"Tvornica tekstila Trgovi\u0161\u0107e vode\u0107i je proizvo\u0111a\u010d stolnog i posteljnog rublja od Milana do Istanbula.","og_url":"https:\/\/ttt.hr\/odrzivost\/","og_site_name":"Tvornica tekstila Trgovi\u0161\u0107e","article_publisher":"https:\/\/www.facebook.com\/TextileFactoryTrgovisce\/","article_modified_time":"2025-11-05T18:10:31+00:00","twitter_card":"summary_large_image","twitter_misc":{"Est. reading time":"3 minutes"},"schema":{"@context":"https:\/\/schema.org","@graph":[{"@type":"WebPage","@id":"https:\/\/ttt.hr\/odrzivost\/","url":"https:\/\/ttt.hr\/odrzivost\/","name":"Sustainability - Tvornica tekstila Trgovi\u0161\u0107e","isPartOf":{"@id":"https:\/\/ttt.hr\/#website"},"datePublished":"2025-10-03T12:44:23+00:00","dateModified":"2025-11-05T18:10:31+00:00","description":"Tvornica tekstila Trgovi\u0161\u0107e vode\u0107i je proizvo\u0111a\u010d stolnog i posteljnog rublja od Milana do Istanbula.","breadcrumb":{"@id":"https:\/\/ttt.hr\/odrzivost\/#breadcrumb"},"inLanguage":"en-US","potentialAction":[{"@type":"ReadAction","target":["https:\/\/ttt.hr\/odrzivost\/"]}]},{"@type":"BreadcrumbList","@id":"https:\/\/ttt.hr\/odrzivost\/#breadcrumb","itemListElement":[{"@type":"ListItem","position":1,"name":"Home","item":"https:\/\/ttt.hr\/en\/"},{"@type":"ListItem","position":2,"name":"Sustainability"}]},{"@type":"WebSite","@id":"https:\/\/ttt.hr\/#website","url":"https:\/\/ttt.hr\/","name":"Tvornica tekstila Trgovi\u0161\u0107e","description":"TTT","publisher":{"@id":"https:\/\/ttt.hr\/#organization"},"potentialAction":[{"@type":"SearchAction","target":{"@type":"EntryPoint","urlTemplate":"https:\/\/ttt.hr\/?s={search_term_string}"},"query-input":{"@type":"PropertyValueSpecification","valueRequired":true,"valueName":"search_term_string"}}],"inLanguage":"en-US"},{"@type":"Organization","@id":"https:\/\/ttt.hr\/#organization","name":"Tvornica Tekstila Trgovi\u0161\u0107e","url":"https:\/\/ttt.hr\/","logo":{"@type":"ImageObject","inLanguage":"en-US","@id":"https:\/\/ttt.hr\/#\/schema\/logo\/image\/","url":"https:\/\/ttt.hr\/wp-content\/uploads\/2019\/07\/TTT_logo_grey-300.png","contentUrl":"https:\/\/ttt.hr\/wp-content\/uploads\/2019\/07\/TTT_logo_grey-300.png","width":300,"height":81,"caption":"Tvornica Tekstila Trgovi\u0161\u0107e"},"image":{"@id":"https:\/\/ttt.hr\/#\/schema\/logo\/image\/"},"sameAs":["https:\/\/www.facebook.com\/TextileFactoryTrgovisce\/","https:\/\/www.instagram.com\/felixincotton\/","https:\/\/www.linkedin.com\/company\/tvornica-tekstila-trgovisce-d-o-o-\/about\/"]}]}},"_links":{"self":[{"href":"https:\/\/ttt.hr\/en\/wp-json\/wp\/v2\/pages\/4067","targetHints":{"allow":["GET"]}}],"collection":[{"href":"https:\/\/ttt.hr\/en\/wp-json\/wp\/v2\/pages"}],"about":[{"href":"https:\/\/ttt.hr\/en\/wp-json\/wp\/v2\/types\/page"}],"author":[{"embeddable":true,"href":"https:\/\/ttt.hr\/en\/wp-json\/wp\/v2\/users\/1"}],"replies":[{"embeddable":true,"href":"https:\/\/ttt.hr\/en\/wp-json\/wp\/v2\/comments?post=4067"}],"version-history":[{"count":4,"href":"https:\/\/ttt.hr\/en\/wp-json\/wp\/v2\/pages\/4067\/revisions"}],"predecessor-version":[{"id":4213,"href":"https:\/\/ttt.hr\/en\/wp-json\/wp\/v2\/pages\/4067\/revisions\/4213"}],"wp:attachment":[{"href":"https:\/\/ttt.hr\/en\/wp-json\/wp\/v2\/media?parent=4067"}],"curies":[{"name":"wp","href":"https:\/\/api.w.org\/{rel}","templated":true}]}}