{"id":1292,"date":"2019-09-20T09:07:56","date_gmt":"2019-09-20T09:07:56","guid":{"rendered":"https:\/\/ttt.hr\/?page_id=1292"},"modified":"2021-01-14T10:40:06","modified_gmt":"2021-01-14T10:40:06","slug":"contatti","status":"publish","type":"page","link":"https:\/\/ttt.hr\/it\/contatti\/","title":{"rendered":"Contatti"},"content":{"rendered":"\n<style type=\"text\/css\" data-created_by=\"avia_inline_auto\" id=\"style-css-av-1hq6z-5919bef8a44501a158e7bcc1c771bd4b\">\n.avia-section.av-1hq6z-5919bef8a44501a158e7bcc1c771bd4b{\nbackground-repeat:no-repeat;\nbackground-image:url(https:\/\/ttt.hr\/wp-content\/uploads\/2019\/06\/047-Tomislav-Bajcer_1600_900.jpg);\nbackground-position:50% 50%;\nbackground-attachment:scroll;\n}\n#top .avia-section.av-1hq6z-5919bef8a44501a158e7bcc1c771bd4b .scroll-down-link{\ncolor:#a4a7a8;\n}\n<\/style>\n<div id='av_section_1'  class='avia-section av-1hq6z-5919bef8a44501a158e7bcc1c771bd4b main_color avia-section-default avia-no-border-styling  avia-builder-el-0  el_before_av_section  avia-builder-el-first  avia-full-stretch avia-bg-style-scroll av-minimum-height av-minimum-height-75  container_wrap fullsize'  data-section-bg-repeat='stretch' data-av_minimum_height_pc='75'><div class=\"av-section-color-overlay-wrap\"><a href='#next-section' title='' class='scroll-down-link av-custom-scroll-down-color' aria-hidden='true' data-av_icon='\ue877' data-av_iconfont='entypo-fontello'><\/a><div class='container av-section-cont-open' ><main  role=\"main\" itemprop=\"mainContentOfPage\"  class='template-page content  av-content-full alpha units'><div class='post-entry post-entry-type-page post-entry-1292'><div class='entry-content-wrapper clearfix'>\n\n<style type=\"text\/css\" data-created_by=\"avia_inline_auto\" id=\"style-css-av-sz57-cfe9bf5c34b682df23d012d8dcc2b1ea\">\n.flex_column.av-sz57-cfe9bf5c34b682df23d012d8dcc2b1ea{\n-webkit-border-radius:0px 0px 0px 0px;\n-moz-border-radius:0px 0px 0px 0px;\nborder-radius:0px 0px 0px 0px;\n}\n<\/style>\n<div class='flex_column av-sz57-cfe9bf5c34b682df23d012d8dcc2b1ea av_one_full  avia-builder-el-1  avia-builder-el-no-sibling  first flex_column_div av-animated-generic fade-in av-zero-column-padding '     ><style type=\"text\/css\" data-created_by=\"avia_inline_auto\" id=\"style-css-av-k0rwd5dk-4d3d96f79b4134f627d16e35c53b6f1c\">\n#top .av-special-heading.av-k0rwd5dk-4d3d96f79b4134f627d16e35c53b6f1c{\npadding-bottom:10px;\ncolor:#ffffff;\nfont-size:70px;\n}\nbody .av-special-heading.av-k0rwd5dk-4d3d96f79b4134f627d16e35c53b6f1c .av-special-heading-tag .heading-char{\nfont-size:25px;\n}\n#top #wrap_all .av-special-heading.av-k0rwd5dk-4d3d96f79b4134f627d16e35c53b6f1c .av-special-heading-tag{\nfont-size:70px;\n}\n.av-special-heading.av-k0rwd5dk-4d3d96f79b4134f627d16e35c53b6f1c .special-heading-inner-border{\nborder-color:#ffffff;\n}\n.av-special-heading.av-k0rwd5dk-4d3d96f79b4134f627d16e35c53b6f1c .av-subheading{\nfont-size:20px;\n}\n\n@media only screen and (min-width: 480px) and (max-width: 767px){ \n#top #wrap_all .av-special-heading.av-k0rwd5dk-4d3d96f79b4134f627d16e35c53b6f1c .av-special-heading-tag{\nfont-size:0.8em;\n}\n}\n\n@media only screen and (max-width: 479px){ \n#top #wrap_all .av-special-heading.av-k0rwd5dk-4d3d96f79b4134f627d16e35c53b6f1c .av-special-heading-tag{\nfont-size:0.8em;\n}\n}\n<\/style>\n<div  class='av-special-heading av-k0rwd5dk-4d3d96f79b4134f627d16e35c53b6f1c av-special-heading-h3 custom-color-heading blockquote modern-quote modern-centered  avia-builder-el-2  avia-builder-el-no-sibling  av-thin-font av-inherit-size'><h3 class='av-special-heading-tag'  itemprop=\"headline\"  ><strong>Contatti<\/strong><\/h3><div class='av_custom_color av-subheading av-subheading_below'><p><strong>Contattateci con fiducia<\/strong><\/p>\n<\/div><div class=\"special-heading-border\"><div class=\"special-heading-inner-border\"><\/div><\/div><\/div><\/div>\n\n<\/div><\/div><\/main><!-- close content main element --><\/div><\/div><\/div><div id='av_section_2'  class='avia-section av-jx48srp8-bb7e2f8ab81ef1633f9810f66445c199 main_color avia-section-default avia-no-border-styling  avia-builder-el-3  el_after_av_section  el_before_av_section  avia-bg-style-scroll container_wrap fullsize'  ><div class='container av-section-cont-open' ><div class='template-page content  av-content-full alpha units'><div class='post-entry post-entry-type-page post-entry-1292'><div class='entry-content-wrapper clearfix'>\n<div class='flex_column_table av-jx494sfy-8f07a3a74c8f0679f726dcae6107f34c sc-av_one_half av-equal-height-column-flextable'>\n<style type=\"text\/css\" data-created_by=\"avia_inline_auto\" id=\"style-css-av-jx494sfy-8f07a3a74c8f0679f726dcae6107f34c\">\n.flex_column.av-jx494sfy-8f07a3a74c8f0679f726dcae6107f34c{\n-webkit-border-radius:0px 0px 0px 0px;\n-moz-border-radius:0px 0px 0px 0px;\nborder-radius:0px 0px 0px 0px;\n}\n<\/style>\n<div class='flex_column av-jx494sfy-8f07a3a74c8f0679f726dcae6107f34c av_one_half  avia-builder-el-4  el_before_av_one_half  avia-builder-el-first  first flex_column_table_cell av-equal-height-column av-align-top av-zero-column-padding '     ><p>\n<style type=\"text\/css\" data-created_by=\"avia_inline_auto\" id=\"style-css-av-av_heading-73486991cc60a11be0c184c4acfcac0d\">\n#top .av-special-heading.av-av_heading-73486991cc60a11be0c184c4acfcac0d{\npadding-bottom:10px;\nfont-size:28px;\n}\nbody .av-special-heading.av-av_heading-73486991cc60a11be0c184c4acfcac0d .av-special-heading-tag .heading-char{\nfont-size:25px;\n}\n#top #wrap_all .av-special-heading.av-av_heading-73486991cc60a11be0c184c4acfcac0d .av-special-heading-tag{\nfont-size:28px;\n}\n.av-special-heading.av-av_heading-73486991cc60a11be0c184c4acfcac0d .av-subheading{\nfont-size:20px;\n}\n\n@media only screen and (min-width: 480px) and (max-width: 767px){ \n#top #wrap_all .av-special-heading.av-av_heading-73486991cc60a11be0c184c4acfcac0d .av-special-heading-tag{\nfont-size:0.8em;\n}\n}\n\n@media only screen and (max-width: 479px){ \n#top #wrap_all .av-special-heading.av-av_heading-73486991cc60a11be0c184c4acfcac0d .av-special-heading-tag{\nfont-size:0.8em;\n}\n}\n<\/style>\n<div  class='av-special-heading av-av_heading-73486991cc60a11be0c184c4acfcac0d av-special-heading-h3 blockquote modern-quote  avia-builder-el-5  el_before_av_hr  avia-builder-el-first  av-thin-font av-inherit-size av-linked-heading'><h3 class='av-special-heading-tag'  itemprop=\"headline\"  ><strong>Invia una richiesta<\/strong><\/h3><div class=\"special-heading-border\"><div class=\"special-heading-inner-border\"><\/div><\/div><\/div><br \/>\n\n<style type=\"text\/css\" data-created_by=\"avia_inline_auto\" id=\"style-css-av-jx4e8cgc-5c541ffff749e3469d0d291c5c964e41\">\n#top .hr.av-jx4e8cgc-5c541ffff749e3469d0d291c5c964e41{\nmargin-top:5px;\nmargin-bottom:5px;\n}\n.hr.av-jx4e8cgc-5c541ffff749e3469d0d291c5c964e41 .hr-inner{\nwidth:50px;\nborder-color:#5988c5;\n}\n<\/style>\n<div  class='hr av-jx4e8cgc-5c541ffff749e3469d0d291c5c964e41 hr-custom  avia-builder-el-6  el_after_av_heading  el_before_av_contact  hr-left hr-icon-no'><span class='hr-inner inner-border-av-border-fat'><span class=\"hr-inner-style\"><\/span><\/span><\/div><br \/>\n<form action=\"https:\/\/ttt.hr\/it\/contatti\/\" method=\"post\"  class=\"avia_ajax_form av-form-labels-hidden   avia-builder-el-7  el_after_av_hr  avia-builder-el-last  av-centered-form   \" data-avia-form-id=\"1\" data-avia-redirect='' ><fieldset><p class='  first_form  form_element form_element_third' id='element_avia_1_1'><label for=\"avia_1_1\"> Nome \/ Azienda <abbr class=\"required\" title=\"richiesto\">*<\/abbr><\/label> <input name=\"avia_1_1\" class=\"text_input is_empty\" type=\"text\" id=\"avia_1_1\" value=\"\"  placeholder=' Nome \/ Azienda*'\/><\/p><p class='  form_element form_element_third' id='element_avia_2_1'><label for=\"avia_2_1\">E-Mail <abbr class=\"required\" title=\"richiesto\">*<\/abbr><\/label> <input name=\"avia_2_1\" class=\"text_input is_email\" type=\"text\" id=\"avia_2_1\" value=\"\"  placeholder='E-Mail*'\/><\/p><p class='  form_element form_element_third' id='element_avia_3_1'><label for=\"avia_3_1\">Numero di telefono <abbr class=\"required\" title=\"richiesto\">*<\/abbr><\/label> <input name=\"avia_3_1\" class=\"text_input is_empty\" type=\"text\" id=\"avia_3_1\" value=\"\"  placeholder='Numero di telefono*'\/><\/p><p class='  first_form  form_element form_fullwidth av-last-visible-form-element' id='element_avia_4_1'><label for=\"avia_4_1\" class=\"textare_label hidden textare_label_avia_4_1\">Messaggio <abbr class=\"required\" title=\"richiesto\">*<\/abbr><\/label><textarea  placeholder='Messaggio*' name=\"avia_4_1\" class=\"text_area is_empty\" cols=\"40\" rows=\"7\" id=\"avia_4_1\" ><\/textarea><\/p><p class=\"hidden\"><input type=\"text\" name=\"avia_5_1\" class=\"hidden \" id=\"avia_5_1\" value=\"\" \/><\/p><p class=\"form_element \"><input type=\"hidden\" value=\"1\" name=\"avia_generated_form1\" \/><input type=\"submit\" value=\"Invia!\" class=\"button\"  data-sending-label=\"Invio\"\/><\/p><\/fieldset><\/form><div id=\"ajaxresponse_1\" class=\"ajaxresponse ajaxresponse_1 hidden\"><\/div><\/p><\/div><div class='av-flex-placeholder'><\/div>\n<style type=\"text\/css\" data-created_by=\"avia_inline_auto\" id=\"style-css-av-1o7lr-6bcbe249ba454c3303db55fc51aaef03\">\n.flex_column.av-1o7lr-6bcbe249ba454c3303db55fc51aaef03{\n-webkit-border-radius:0px 0px 0px 0px;\n-moz-border-radius:0px 0px 0px 0px;\nborder-radius:0px 0px 0px 0px;\n}\n<\/style>\n<div class='flex_column av-1o7lr-6bcbe249ba454c3303db55fc51aaef03 av_one_half  avia-builder-el-8  el_after_av_one_half  avia-builder-el-last  flex_column_table_cell av-equal-height-column av-align-top av-zero-column-padding '     ><style type=\"text\/css\" data-created_by=\"avia_inline_auto\" id=\"style-css-av-jy49yb9x-12a3d31b74442915ad234bbe04adbb20\">\n.avia-image-container.av-jy49yb9x-12a3d31b74442915ad234bbe04adbb20 img.avia_image{\nbox-shadow:none;\n}\n.avia-image-container.av-jy49yb9x-12a3d31b74442915ad234bbe04adbb20 .av-image-caption-overlay-center{\ncolor:#ffffff;\n}\n<\/style>\n<div  class='avia-image-container av-jy49yb9x-12a3d31b74442915ad234bbe04adbb20 av-styling- avia-align-center  avia-builder-el-9  avia-builder-el-no-sibling '   itemprop=\"image\" itemscope=\"itemscope\" itemtype=\"https:\/\/schema.org\/ImageObject\" ><div class=\"avia-image-container-inner\"><div class=\"avia-image-overlay-wrap\"><img decoding=\"async\" class='wp-image-780 avia-img-lazy-loading-not-780 avia_image ' src=\"https:\/\/ttt.hr\/wp-content\/uploads\/2019\/06\/O-nama_1_1600_1068.jpg\" alt='' title=''  height=\"1068\" width=\"1600\"  itemprop=\"thumbnailUrl\" srcset=\"https:\/\/ttt.hr\/wp-content\/uploads\/2019\/06\/O-nama_1_1600_1068.jpg 1600w, https:\/\/ttt.hr\/wp-content\/uploads\/2019\/06\/O-nama_1_1600_1068-300x200.jpg 300w, https:\/\/ttt.hr\/wp-content\/uploads\/2019\/06\/O-nama_1_1600_1068-768x513.jpg 768w, https:\/\/ttt.hr\/wp-content\/uploads\/2019\/06\/O-nama_1_1600_1068-1030x688.jpg 1030w, https:\/\/ttt.hr\/wp-content\/uploads\/2019\/06\/O-nama_1_1600_1068-1500x1001.jpg 1500w, https:\/\/ttt.hr\/wp-content\/uploads\/2019\/06\/O-nama_1_1600_1068-705x471.jpg 705w, https:\/\/ttt.hr\/wp-content\/uploads\/2019\/06\/O-nama_1_1600_1068-450x300.jpg 450w\" sizes=\"(max-width: 1600px) 100vw, 1600px\" \/><\/div><\/div><\/div><\/div><\/div><!--close column table wrapper. Autoclose: 1 -->\n\n<\/div><\/div><\/div><!-- close content main div --><\/div><\/div>\n<style type=\"text\/css\" data-created_by=\"avia_inline_auto\" id=\"style-css-av-jx48srp8-682852702674d2a7beaeb0d73043ca7d\">\n.avia-section.av-jx48srp8-682852702674d2a7beaeb0d73043ca7d{\nbackground-color:#f8f8f8;\nbackground-image:unset;\n}\n<\/style>\n<div id='av_section_3'  class='avia-section av-jx48srp8-682852702674d2a7beaeb0d73043ca7d main_color avia-section-default avia-no-border-styling  avia-builder-el-10  el_after_av_section  el_before_av_google_map  avia-bg-style-scroll container_wrap fullsize'  ><div class='container av-section-cont-open' ><div class='template-page content  av-content-full alpha units'><div class='post-entry post-entry-type-page post-entry-1292'><div class='entry-content-wrapper clearfix'>\n<div class='flex_column_table av-jx494sfy-5308c22a2e43510931bfe2bee79e427e sc-av_one_half av-equal-height-column-flextable'>\n<style type=\"text\/css\" data-created_by=\"avia_inline_auto\" id=\"style-css-av-jx494sfy-5308c22a2e43510931bfe2bee79e427e\">\n.flex_column.av-jx494sfy-5308c22a2e43510931bfe2bee79e427e{\n-webkit-border-radius:0px 0px 0px 0px;\n-moz-border-radius:0px 0px 0px 0px;\nborder-radius:0px 0px 0px 0px;\npadding:0px 30px 30px 30px;\n}\n<\/style>\n<div class='flex_column av-jx494sfy-5308c22a2e43510931bfe2bee79e427e av_one_half  avia-builder-el-11  el_before_av_one_half  avia-builder-el-first  first flex_column_table_cell av-equal-height-column av-align-top '     ><section  class='av_textblock_section av-jx49315p-39282cfcf8f81b37376e76a809b7bd4a'  itemscope=\"itemscope\" itemtype=\"https:\/\/schema.org\/CreativeWork\" ><div class='avia_textblock'  itemprop=\"text\" ><p style=\"text-align: right;\"><strong>Ufficio vendite<\/strong><br \/>\nTel.: <a href=\"tel:+385 49 325 619\">+385 49 325 619<\/a><br \/>\nE-mail: <a href=\"mailto:sales@ttt.hr\">sales@ttt.hr<\/a><\/p>\n<p style=\"text-align: right;\"><strong>Negozio<\/strong><br \/>\nIlica 171, 10 000 Zagreb<br \/>\nTel.: <a href=\"tel:+385 1 3702 1387\">+385 1 3702 138<\/a><\/p>\n<\/div><\/section><\/div><div class='av-flex-placeholder'><\/div>\n<style type=\"text\/css\" data-created_by=\"avia_inline_auto\" id=\"style-css-av-jx494sfy-c7115bc73fa30d27620f8121043eb14c\">\n.flex_column.av-jx494sfy-c7115bc73fa30d27620f8121043eb14c{\n-webkit-border-radius:0px 0px 0px 0px;\n-moz-border-radius:0px 0px 0px 0px;\nborder-radius:0px 0px 0px 0px;\npadding:0px 0px 0px 0px;\n}\n<\/style>\n<div class='flex_column av-jx494sfy-c7115bc73fa30d27620f8121043eb14c av_one_half  avia-builder-el-13  el_after_av_one_half  el_before_av_hr  flex_column_table_cell av-equal-height-column av-align-top '     ><section  class='av_textblock_section av-jx49315p-39282cfcf8f81b37376e76a809b7bd4a'  itemscope=\"itemscope\" itemtype=\"https:\/\/schema.org\/CreativeWork\" ><div class='avia_textblock'  itemprop=\"text\" ><p><strong>Sede centrale:<\/strong><br \/>\nTvornica tekstila Trgovi\u0161\u0107e d.o.o.<br \/>\nDr. Stanka Pinjuha 16<br \/>\n49214 Veliko Trgovi\u0161\u0107e, Croatia<\/p>\n<p><strong>Codice fiscale(OIB):<\/strong><br \/>\n18749574621<\/p>\n<p><strong>Conto corrente:<\/strong><br \/>\nErste&amp;Steierm\u00e4rkische Bank d.d. IBAN: HR2924020061100936120 \/ SWIFT: ESBCHR22<\/p>\n<p><strong>Direttore:<\/strong><br \/>\nMario Popi\u0107<\/p>\n<\/div><\/section><\/div><\/div><!--close column table wrapper. Autoclose: 1 -->\n<style type=\"text\/css\" data-created_by=\"avia_inline_auto\" id=\"style-css-av-jystpvqn-be069c6e1c5c05922494f50508dfddee\">\n#top .hr.hr-invisible.av-jystpvqn-be069c6e1c5c05922494f50508dfddee{\nheight:20px;\n}\n<\/style>\n<div  class='hr av-jystpvqn-be069c6e1c5c05922494f50508dfddee hr-invisible  avia-builder-el-15  el_after_av_one_half  el_before_av_one_full '><span class='hr-inner '><span class=\"hr-inner-style\"><\/span><\/span><\/div>\n<div class='flex_column_table av-jx494sfy-834e8fc5b60f37e8d54da2b7bb040149 sc-av_one_full av-equal-height-column-flextable'>\n<style type=\"text\/css\" data-created_by=\"avia_inline_auto\" id=\"style-css-av-jx494sfy-834e8fc5b60f37e8d54da2b7bb040149\">\n.flex_column.av-jx494sfy-834e8fc5b60f37e8d54da2b7bb040149{\n-webkit-border-radius:0px 0px 0px 0px;\n-moz-border-radius:0px 0px 0px 0px;\nborder-radius:0px 0px 0px 0px;\npadding:0px 0px 0px 0px;\n}\n<\/style>\n<div class='flex_column av-jx494sfy-834e8fc5b60f37e8d54da2b7bb040149 av_one_full  avia-builder-el-16  el_after_av_hr  el_before_av_hr  first flex_column_table_cell av-equal-height-column av-align-middle '     ><style type=\"text\/css\" data-created_by=\"avia_inline_auto\" id=\"style-css-av-jx49315p-c8898ec7b8c126b0e8f7378a05a1cca1\">\n#top .av_textblock_section.av-jx49315p-c8898ec7b8c126b0e8f7378a05a1cca1 .avia_textblock{\nfont-size:9px;\n}\n<\/style>\n<section  class='av_textblock_section av-jx49315p-c8898ec7b8c126b0e8f7378a05a1cca1'  itemscope=\"itemscope\" itemtype=\"https:\/\/schema.org\/CreativeWork\" ><div class='avia_textblock'  itemprop=\"text\" ><p>*L&#8217;autore della foto di copertina in questa pagina \u00e8 Tomislav Brajcer e la foto \u00e8 stata resa disponibile dalla contea di Krapina-Zagorje.<\/p>\n<\/div><\/section><\/div><\/div><!--close column table wrapper. Autoclose: 1 -->\n<style type=\"text\/css\" data-created_by=\"avia_inline_auto\" id=\"style-css-av-jystpvqn-f0fe7762936ebdd5c6f882ec9bd6e776\">\n#top .hr.hr-invisible.av-jystpvqn-f0fe7762936ebdd5c6f882ec9bd6e776{\nmargin-top:-40px;\nheight:1px;\n}\n<\/style>\n<div  class='hr av-jystpvqn-f0fe7762936ebdd5c6f882ec9bd6e776 hr-invisible  avia-builder-el-18  el_after_av_one_full  avia-builder-el-last '><span class='hr-inner '><span class=\"hr-inner-style\"><\/span><\/span><\/div>\n<div  class='av_gmaps_sc_main_wrap av_gmaps_main_wrap '><div id='av_gmap_0' class='avia-google-map-container avia-google-map-sc av_gmaps_show_unconditionally av-no-fallback-img ' data-mapid='av_gmap_0'  style='height: 400px;'><a class=\"av_gmaps_browser_disabled av_text_confirm_link av_text_confirm_link_visible\" href=\"https:\/\/www.google.com\/maps\/search\/?api=1&#038;query=Ul.%20dr.%20Stanka%20Pinjuha%2012%2049214%20%20Veliko%20Trgovi\u0161\u0107e\" target=\"_blank\" rel=\"noopener\">Le mappe sono state disabilitate dal visitatore di questo sito. Clicca per aprire la mappa in una nuova finestra.<\/a><\/div><\/div><\/p>\n","protected":false},"excerpt":{"rendered":"","protected":false},"author":1,"featured_media":0,"parent":0,"menu_order":0,"comment_status":"closed","ping_status":"closed","template":"","meta":{"_acf_changed":false,"footnotes":""},"class_list":["post-1292","page","type-page","status-publish","hentry"],"acf":[],"yoast_head":"<!-- This site is optimized with the Yoast SEO plugin v27.2 - https:\/\/yoast.com\/product\/yoast-seo-wordpress\/ -->\n<title>Contatti - Tvornica tekstila Trgovi\u0161\u0107e<\/title>\n<meta name=\"description\" content=\"Tvornica tekstila Trgovi\u0161\u0107e vode\u0107i je proizvo\u0111a\u010d stolnog i posteljnog rublja od Milana do Istanbula.\" \/>\n<meta name=\"robots\" content=\"index, follow, max-snippet:-1, max-image-preview:large, max-video-preview:-1\" \/>\n<link rel=\"canonical\" href=\"https:\/\/ttt.hr\/kontakt\/\" \/>\n<meta property=\"og:locale\" content=\"it_IT\" \/>\n<meta property=\"og:type\" content=\"article\" \/>\n<meta property=\"og:title\" content=\"Contatti - Tvornica tekstila Trgovi\u0161\u0107e\" \/>\n<meta property=\"og:description\" content=\"Tvornica tekstila Trgovi\u0161\u0107e vode\u0107i je proizvo\u0111a\u010d stolnog i posteljnog rublja od Milana do Istanbula.\" \/>\n<meta property=\"og:url\" content=\"https:\/\/ttt.hr\/kontakt\/\" \/>\n<meta property=\"og:site_name\" content=\"Tvornica tekstila Trgovi\u0161\u0107e\" \/>\n<meta property=\"article:publisher\" content=\"https:\/\/www.facebook.com\/TextileFactoryTrgovisce\/\" \/>\n<meta property=\"article:modified_time\" content=\"2021-01-14T10:40:06+00:00\" \/>\n<meta name=\"twitter:card\" content=\"summary_large_image\" \/>\n<meta name=\"twitter:label1\" content=\"Tempo di lettura stimato\" \/>\n\t<meta name=\"twitter:data1\" content=\"10 minuti\" \/>\n<script type=\"application\/ld+json\" class=\"yoast-schema-graph\">{\"@context\":\"https:\/\/schema.org\",\"@graph\":[{\"@type\":\"WebPage\",\"@id\":\"https:\/\/ttt.hr\/kontakt\/\",\"url\":\"https:\/\/ttt.hr\/kontakt\/\",\"name\":\"Contatti - Tvornica tekstila Trgovi\u0161\u0107e\",\"isPartOf\":{\"@id\":\"https:\/\/ttt.hr\/#website\"},\"datePublished\":\"2019-09-20T09:07:56+00:00\",\"dateModified\":\"2021-01-14T10:40:06+00:00\",\"description\":\"Tvornica tekstila Trgovi\u0161\u0107e vode\u0107i je proizvo\u0111a\u010d stolnog i posteljnog rublja od Milana do Istanbula.\",\"breadcrumb\":{\"@id\":\"https:\/\/ttt.hr\/kontakt\/#breadcrumb\"},\"inLanguage\":\"it-IT\",\"potentialAction\":[{\"@type\":\"ReadAction\",\"target\":[\"https:\/\/ttt.hr\/kontakt\/\"]}]},{\"@type\":\"BreadcrumbList\",\"@id\":\"https:\/\/ttt.hr\/kontakt\/#breadcrumb\",\"itemListElement\":[{\"@type\":\"ListItem\",\"position\":1,\"name\":\"Home\",\"item\":\"https:\/\/ttt.hr\/it\/\"},{\"@type\":\"ListItem\",\"position\":2,\"name\":\"Contatti\"}]},{\"@type\":\"WebSite\",\"@id\":\"https:\/\/ttt.hr\/#website\",\"url\":\"https:\/\/ttt.hr\/\",\"name\":\"Tvornica tekstila Trgovi\u0161\u0107e\",\"description\":\"TTT\",\"publisher\":{\"@id\":\"https:\/\/ttt.hr\/#organization\"},\"potentialAction\":[{\"@type\":\"SearchAction\",\"target\":{\"@type\":\"EntryPoint\",\"urlTemplate\":\"https:\/\/ttt.hr\/?s={search_term_string}\"},\"query-input\":{\"@type\":\"PropertyValueSpecification\",\"valueRequired\":true,\"valueName\":\"search_term_string\"}}],\"inLanguage\":\"it-IT\"},{\"@type\":\"Organization\",\"@id\":\"https:\/\/ttt.hr\/#organization\",\"name\":\"Tvornica Tekstila Trgovi\u0161\u0107e\",\"url\":\"https:\/\/ttt.hr\/\",\"logo\":{\"@type\":\"ImageObject\",\"inLanguage\":\"it-IT\",\"@id\":\"https:\/\/ttt.hr\/#\/schema\/logo\/image\/\",\"url\":\"https:\/\/ttt.hr\/wp-content\/uploads\/2019\/07\/TTT_logo_grey-300.png\",\"contentUrl\":\"https:\/\/ttt.hr\/wp-content\/uploads\/2019\/07\/TTT_logo_grey-300.png\",\"width\":300,\"height\":81,\"caption\":\"Tvornica Tekstila Trgovi\u0161\u0107e\"},\"image\":{\"@id\":\"https:\/\/ttt.hr\/#\/schema\/logo\/image\/\"},\"sameAs\":[\"https:\/\/www.facebook.com\/TextileFactoryTrgovisce\/\",\"https:\/\/www.instagram.com\/felixincotton\/\",\"https:\/\/www.linkedin.com\/company\/tvornica-tekstila-trgovisce-d-o-o-\/about\/\"]}]}<\/script>\n<!-- \/ Yoast SEO plugin. -->","yoast_head_json":{"title":"Contatti - Tvornica tekstila Trgovi\u0161\u0107e","description":"Tvornica tekstila Trgovi\u0161\u0107e vode\u0107i je proizvo\u0111a\u010d stolnog i posteljnog rublja od Milana do Istanbula.","robots":{"index":"index","follow":"follow","max-snippet":"max-snippet:-1","max-image-preview":"max-image-preview:large","max-video-preview":"max-video-preview:-1"},"canonical":"https:\/\/ttt.hr\/kontakt\/","og_locale":"it_IT","og_type":"article","og_title":"Contatti - Tvornica tekstila Trgovi\u0161\u0107e","og_description":"Tvornica tekstila Trgovi\u0161\u0107e vode\u0107i je proizvo\u0111a\u010d stolnog i posteljnog rublja od Milana do Istanbula.","og_url":"https:\/\/ttt.hr\/kontakt\/","og_site_name":"Tvornica tekstila Trgovi\u0161\u0107e","article_publisher":"https:\/\/www.facebook.com\/TextileFactoryTrgovisce\/","article_modified_time":"2021-01-14T10:40:06+00:00","twitter_card":"summary_large_image","twitter_misc":{"Tempo di lettura stimato":"10 minuti"},"schema":{"@context":"https:\/\/schema.org","@graph":[{"@type":"WebPage","@id":"https:\/\/ttt.hr\/kontakt\/","url":"https:\/\/ttt.hr\/kontakt\/","name":"Contatti - Tvornica tekstila Trgovi\u0161\u0107e","isPartOf":{"@id":"https:\/\/ttt.hr\/#website"},"datePublished":"2019-09-20T09:07:56+00:00","dateModified":"2021-01-14T10:40:06+00:00","description":"Tvornica tekstila Trgovi\u0161\u0107e vode\u0107i je proizvo\u0111a\u010d stolnog i posteljnog rublja od Milana do Istanbula.","breadcrumb":{"@id":"https:\/\/ttt.hr\/kontakt\/#breadcrumb"},"inLanguage":"it-IT","potentialAction":[{"@type":"ReadAction","target":["https:\/\/ttt.hr\/kontakt\/"]}]},{"@type":"BreadcrumbList","@id":"https:\/\/ttt.hr\/kontakt\/#breadcrumb","itemListElement":[{"@type":"ListItem","position":1,"name":"Home","item":"https:\/\/ttt.hr\/it\/"},{"@type":"ListItem","position":2,"name":"Contatti"}]},{"@type":"WebSite","@id":"https:\/\/ttt.hr\/#website","url":"https:\/\/ttt.hr\/","name":"Tvornica tekstila Trgovi\u0161\u0107e","description":"TTT","publisher":{"@id":"https:\/\/ttt.hr\/#organization"},"potentialAction":[{"@type":"SearchAction","target":{"@type":"EntryPoint","urlTemplate":"https:\/\/ttt.hr\/?s={search_term_string}"},"query-input":{"@type":"PropertyValueSpecification","valueRequired":true,"valueName":"search_term_string"}}],"inLanguage":"it-IT"},{"@type":"Organization","@id":"https:\/\/ttt.hr\/#organization","name":"Tvornica Tekstila Trgovi\u0161\u0107e","url":"https:\/\/ttt.hr\/","logo":{"@type":"ImageObject","inLanguage":"it-IT","@id":"https:\/\/ttt.hr\/#\/schema\/logo\/image\/","url":"https:\/\/ttt.hr\/wp-content\/uploads\/2019\/07\/TTT_logo_grey-300.png","contentUrl":"https:\/\/ttt.hr\/wp-content\/uploads\/2019\/07\/TTT_logo_grey-300.png","width":300,"height":81,"caption":"Tvornica Tekstila Trgovi\u0161\u0107e"},"image":{"@id":"https:\/\/ttt.hr\/#\/schema\/logo\/image\/"},"sameAs":["https:\/\/www.facebook.com\/TextileFactoryTrgovisce\/","https:\/\/www.instagram.com\/felixincotton\/","https:\/\/www.linkedin.com\/company\/tvornica-tekstila-trgovisce-d-o-o-\/about\/"]}]}},"_links":{"self":[{"href":"https:\/\/ttt.hr\/it\/wp-json\/wp\/v2\/pages\/1292","targetHints":{"allow":["GET"]}}],"collection":[{"href":"https:\/\/ttt.hr\/it\/wp-json\/wp\/v2\/pages"}],"about":[{"href":"https:\/\/ttt.hr\/it\/wp-json\/wp\/v2\/types\/page"}],"author":[{"embeddable":true,"href":"https:\/\/ttt.hr\/it\/wp-json\/wp\/v2\/users\/1"}],"replies":[{"embeddable":true,"href":"https:\/\/ttt.hr\/it\/wp-json\/wp\/v2\/comments?post=1292"}],"version-history":[{"count":9,"href":"https:\/\/ttt.hr\/it\/wp-json\/wp\/v2\/pages\/1292\/revisions"}],"predecessor-version":[{"id":3535,"href":"https:\/\/ttt.hr\/it\/wp-json\/wp\/v2\/pages\/1292\/revisions\/3535"}],"wp:attachment":[{"href":"https:\/\/ttt.hr\/it\/wp-json\/wp\/v2\/media?parent=1292"}],"curies":[{"name":"wp","href":"https:\/\/api.w.org\/{rel}","templated":true}]}}