{"id":1299,"date":"2019-09-20T09:29:09","date_gmt":"2019-09-20T09:29:09","guid":{"rendered":"https:\/\/ttt.hr\/?page_id=1299"},"modified":"2019-10-31T12:23:30","modified_gmt":"2019-10-31T12:23:30","slug":"guida-alla-cura","status":"publish","type":"page","link":"https:\/\/ttt.hr\/it\/guida-alla-cura\/","title":{"rendered":"Guida alla cura"},"content":{"rendered":"\n<style type=\"text\/css\" data-created_by=\"avia_inline_auto\" id=\"style-css-av-1hq6z-ea0144fb8490641173b2f257029ab224\">\n.avia-section.av-1hq6z-ea0144fb8490641173b2f257029ab224{\nbackground-repeat:no-repeat;\nbackground-image:url(https:\/\/ttt.hr\/wp-content\/uploads\/2019\/07\/TH-Praonica-Stipe-Surac-4_1600_1067.jpg);\nbackground-position:50% 50%;\nbackground-attachment:scroll;\n}\n#top .avia-section.av-1hq6z-ea0144fb8490641173b2f257029ab224 .scroll-down-link{\ncolor:#a4a7a8;\n}\n<\/style>\n<div id='av_section_1'  class='avia-section av-1hq6z-ea0144fb8490641173b2f257029ab224 main_color avia-section-default avia-no-border-styling  avia-builder-el-0  el_before_av_section  avia-builder-el-first  avia-full-stretch avia-bg-style-scroll av-minimum-height av-minimum-height-75  container_wrap fullsize'  data-section-bg-repeat='stretch' data-av_minimum_height_pc='75'><div class=\"av-section-color-overlay-wrap\"><a href='#next-section' title='' class='scroll-down-link av-custom-scroll-down-color' aria-hidden='true' data-av_icon='\ue877' data-av_iconfont='entypo-fontello'><\/a><div class='container av-section-cont-open' ><main  role=\"main\" itemprop=\"mainContentOfPage\"  class='template-page content  av-content-full alpha units'><div class='post-entry post-entry-type-page post-entry-1299'><div class='entry-content-wrapper clearfix'>\n\n<style type=\"text\/css\" data-created_by=\"avia_inline_auto\" id=\"style-css-av-sz57-cfe9bf5c34b682df23d012d8dcc2b1ea\">\n.flex_column.av-sz57-cfe9bf5c34b682df23d012d8dcc2b1ea{\n-webkit-border-radius:0px 0px 0px 0px;\n-moz-border-radius:0px 0px 0px 0px;\nborder-radius:0px 0px 0px 0px;\n}\n<\/style>\n<div class='flex_column av-sz57-cfe9bf5c34b682df23d012d8dcc2b1ea av_one_full  avia-builder-el-1  avia-builder-el-no-sibling  first flex_column_div av-animated-generic fade-in av-zero-column-padding '     ><style type=\"text\/css\" data-created_by=\"avia_inline_auto\" id=\"style-css-av-k0rx839b-3f80b243c480a15c2c9c0217268445f1\">\n#top .av-special-heading.av-k0rx839b-3f80b243c480a15c2c9c0217268445f1{\npadding-bottom:10px;\ncolor:#ffffff;\nfont-size:70px;\n}\nbody .av-special-heading.av-k0rx839b-3f80b243c480a15c2c9c0217268445f1 .av-special-heading-tag .heading-char{\nfont-size:25px;\n}\n#top #wrap_all .av-special-heading.av-k0rx839b-3f80b243c480a15c2c9c0217268445f1 .av-special-heading-tag{\nfont-size:70px;\n}\n.av-special-heading.av-k0rx839b-3f80b243c480a15c2c9c0217268445f1 .special-heading-inner-border{\nborder-color:#ffffff;\n}\n.av-special-heading.av-k0rx839b-3f80b243c480a15c2c9c0217268445f1 .av-subheading{\nfont-size:20px;\n}\n\n@media only screen and (min-width: 480px) and (max-width: 767px){ \n#top #wrap_all .av-special-heading.av-k0rx839b-3f80b243c480a15c2c9c0217268445f1 .av-special-heading-tag{\nfont-size:0.8em;\n}\n}\n\n@media only screen and (max-width: 479px){ \n#top #wrap_all .av-special-heading.av-k0rx839b-3f80b243c480a15c2c9c0217268445f1 .av-special-heading-tag{\nfont-size:0.8em;\n}\n}\n<\/style>\n<div  class='av-special-heading av-k0rx839b-3f80b243c480a15c2c9c0217268445f1 av-special-heading-h3 custom-color-heading blockquote modern-quote modern-centered  avia-builder-el-2  avia-builder-el-no-sibling  av-thin-font av-inherit-size'><h3 class='av-special-heading-tag'  itemprop=\"headline\"  ><strong>Guida alla cura<\/strong><\/h3><div class=\"special-heading-border\"><div class=\"special-heading-inner-border\"><\/div><\/div><\/div><\/div>\n\n<\/div><\/div><\/main><!-- close content main element --><\/div><\/div><\/div><div id='av_section_2'  class='avia-section av-jx48srp8-c599bc1c9445a7911862b3430e9b6a46 main_color avia-section-default avia-no-border-styling  avia-builder-el-3  el_after_av_section  avia-builder-el-last  avia-bg-style-scroll container_wrap fullsize'  ><div class='container av-section-cont-open' ><div class='template-page content  av-content-full alpha units'><div class='post-entry post-entry-type-page post-entry-1299'><div class='entry-content-wrapper clearfix'>\n<div class='flex_column_table av-jx494sfy-b4471b11a91082985304bc0d455ba894 sc-av_one_full av-equal-height-column-flextable'>\n<style type=\"text\/css\" data-created_by=\"avia_inline_auto\" id=\"style-css-av-jx494sfy-b4471b11a91082985304bc0d455ba894\">\n.flex_column.av-jx494sfy-b4471b11a91082985304bc0d455ba894{\n-webkit-border-radius:0px 0px 0px 0px;\n-moz-border-radius:0px 0px 0px 0px;\nborder-radius:0px 0px 0px 0px;\n}\n<\/style>\n<div class='flex_column av-jx494sfy-b4471b11a91082985304bc0d455ba894 av_one_full  avia-builder-el-4  el_before_av_one_full  avia-builder-el-first  first flex_column_table_cell av-equal-height-column av-align-middle av-zero-column-padding '     ><p>\n<style type=\"text\/css\" data-created_by=\"avia_inline_auto\" id=\"style-css-av-k2eojsla-2fef3c74d4dd3a691558a07a7acd9034\">\n#top .av-special-heading.av-k2eojsla-2fef3c74d4dd3a691558a07a7acd9034{\npadding-bottom:10px;\nfont-size:28px;\n}\nbody .av-special-heading.av-k2eojsla-2fef3c74d4dd3a691558a07a7acd9034 .av-special-heading-tag .heading-char{\nfont-size:25px;\n}\n#top #wrap_all .av-special-heading.av-k2eojsla-2fef3c74d4dd3a691558a07a7acd9034 .av-special-heading-tag{\nfont-size:28px;\n}\n.av-special-heading.av-k2eojsla-2fef3c74d4dd3a691558a07a7acd9034 .av-subheading{\nfont-size:20px;\n}\n\n@media only screen and (min-width: 480px) and (max-width: 767px){ \n#top #wrap_all .av-special-heading.av-k2eojsla-2fef3c74d4dd3a691558a07a7acd9034 .av-special-heading-tag{\nfont-size:0.8em;\n}\n}\n\n@media only screen and (max-width: 479px){ \n#top #wrap_all .av-special-heading.av-k2eojsla-2fef3c74d4dd3a691558a07a7acd9034 .av-special-heading-tag{\nfont-size:0.8em;\n}\n}\n<\/style>\n<div  class='av-special-heading av-k2eojsla-2fef3c74d4dd3a691558a07a7acd9034 av-special-heading-h3 blockquote modern-quote  avia-builder-el-5  el_before_av_hr  avia-builder-el-first  av-thin-font av-inherit-size'><h3 class='av-special-heading-tag'  itemprop=\"headline\"  ><strong>Come prendersi cura della propria biancheria<\/strong><\/h3><div class=\"special-heading-border\"><div class=\"special-heading-inner-border\"><\/div><\/div><\/div><br \/>\n\n<style type=\"text\/css\" data-created_by=\"avia_inline_auto\" id=\"style-css-av-jx4e8cgc-5c541ffff749e3469d0d291c5c964e41\">\n#top .hr.av-jx4e8cgc-5c541ffff749e3469d0d291c5c964e41{\nmargin-top:5px;\nmargin-bottom:5px;\n}\n.hr.av-jx4e8cgc-5c541ffff749e3469d0d291c5c964e41 .hr-inner{\nwidth:50px;\nborder-color:#5988c5;\n}\n<\/style>\n<div  class='hr av-jx4e8cgc-5c541ffff749e3469d0d291c5c964e41 hr-custom  avia-builder-el-6  el_after_av_heading  avia-builder-el-last  hr-left hr-icon-no'><span class='hr-inner inner-border-av-border-fat'><span class=\"hr-inner-style\"><\/span><\/span><\/div><\/p><\/div><\/div><!--close column table wrapper. Autoclose: 1 --><div class='flex_column_table av-jx494sfy-b4471b11a91082985304bc0d455ba894 sc-av_one_full av-equal-height-column-flextable'>\n<style type=\"text\/css\" data-created_by=\"avia_inline_auto\" id=\"style-css-av-jx494sfy-b4471b11a91082985304bc0d455ba894\">\n.flex_column.av-jx494sfy-b4471b11a91082985304bc0d455ba894{\n-webkit-border-radius:0px 0px 0px 0px;\n-moz-border-radius:0px 0px 0px 0px;\nborder-radius:0px 0px 0px 0px;\n}\n<\/style>\n<div class='flex_column av-jx494sfy-b4471b11a91082985304bc0d455ba894 av_one_full  avia-builder-el-7  el_after_av_one_full  avia-builder-el-last  first flex_column_table_cell av-equal-height-column av-align-middle av-zero-column-padding column-top-margin'     ><section  class='av_textblock_section av-jx49315p-f21348efa9bb18bc9a389ba8ca68421c'  itemscope=\"itemscope\" itemtype=\"https:\/\/schema.org\/CreativeWork\" ><div class='avia_textblock'  itemprop=\"text\" ><p>BIANCHERIA NUOVA<\/p>\n<p>Si consiglia vivamente di lavare la biancheria nuova prima dell&#8217;uso. Principalmente per eliminare gli odori industriali e consentire ai materiali naturali di rilassarsi. La biancheria \u00e8 prodotta pi\u00f9 larga per adattarsi al restringimento previsto in modo che dopo il lavaggio si adatti perfettamente alle vostre necessit<em>\u00e0<\/em>.<\/p>\n<p>ORDINAMENTO<\/p>\n<p>I bianchi e i colorati vanno sempre lavati separatamente. Un tessuto nuovo contiene del colore in eccesso che si sciacqua durante i primi lavaggi. Pertanto, la biancheria deve essere sempre ordinata prima del lavaggio in base all&#8217;intensit\u00e0 del colore (separare i toni chiari dai scuri).<\/p>\n<p>PIEGAMENTO<\/p>\n<p>Il tessuto deve essere steso per il lavaggio. Per evitare di rimuovere qualsiasi colorazione, non lavate la biancheria in uno stato piegato. Inoltre, tenete presente che la lavatrice non deve essere troppo piena poich\u00e9 i sovraccarichi aggiungono una pressione sul carico e possono causare pieghe, decolorazioni o danni al tessuto.<\/p>\n<p>DOSAGGIO DETERGENTE<\/p>\n<p>Seguite i dosaggi elencati nelle istruzioni. Piccole quantit\u00e0 di detergente provocano la formazione di una scaglia di calce sul bucato. Le placche causano rigidit\u00e0 del tessuto e diminuiscono la bianchezza.<\/p>\n<p>CANDEGGINA OTTICA<\/p>\n<p><strong>La biancheria bianca<\/strong> deve essere sempre lavata con un detergente che contiene la candeggina ottica per mantenere un elevato grado di bianchezza.<\/p>\n<p>Sulla <strong>biancheria colorata<\/strong>, la candeggina ha un effetto negativo, cambia e sbiadisce le tonalit\u00e0 (soprattutto nei colori pastello). Pertanto, la biancheria colorata deve essere lavata solo con detergenti che non contengono la candeggina ottica.<\/p>\n<p>La maggior parte dei detergenti di oggi contiene la candeggina ottica la quale \u00e8 molto difficile da evitare. Uno dei vantaggi della nostra biancheria colorata \u00e8 che tollera bene la candeggina. Per ridurre l&#8217;aspetto del candeggio, gi\u00e0 nella fase di produzione, abbiamo colorato i chiari con una quantit\u00e0 appropriata di bianco ottico.<\/p>\n<p>LAVAGGIO CON CLORO<\/p>\n<p>Sebbene tutti i prodotti siano colorati con coloranti di classe IDH e quindi resistenti al cloro, si consiglia di non utilizzare agenti a base di cloro ogni volta che vi \u00e8 possibile. Il cloro in quanto tale danneggia il materiale in cotone e utilizzandolo, il bucato dura di meno.<\/p>\n<p>ASCIUGAMENTO<\/p>\n<p>Utilizzate una temperatura pi\u00f9 bassa quando asciugate la biancheria in modo che non vi sia un &#8220;surriscaldamento&#8221; che pu\u00f2 aumentare significativamente il restringimento.<\/p>\n<p>STIRATURA<\/p>\n<p>Assicuratevi di seguire le istruzioni. Per ottenere stabilit\u00e0 e una consistenza morbida, stirate sempre nella direzione verticale (direzione dell&#8217;ordito del tessuto). Durante la stiratura, assicuratevi di inumidire la biancheria per un risultato migliore (umidit\u00e0 ottimale del 20%).<\/p>\n<p>SIMBOLI<\/p>\n<p>Assicuratevi di seguire le istruzioni e i simboli forniti dalla guida alla cura del produttore.<\/p>\n<\/div><\/section><\/div><\/div><!--close column table wrapper. Autoclose: 1 -->\n","protected":false},"excerpt":{"rendered":"","protected":false},"author":1,"featured_media":0,"parent":0,"menu_order":0,"comment_status":"closed","ping_status":"closed","template":"","meta":{"_acf_changed":false,"footnotes":""},"class_list":["post-1299","page","type-page","status-publish","hentry"],"acf":[],"yoast_head":"<!-- This site is optimized with the Yoast SEO plugin v27.2 - https:\/\/yoast.com\/product\/yoast-seo-wordpress\/ -->\n<title>Guida alla cura - Tvornica tekstila Trgovi\u0161\u0107e<\/title>\n<meta name=\"description\" content=\"Tvornica tekstila Trgovi\u0161\u0107e vode\u0107i je proizvo\u0111a\u010d stolnog i posteljnog rublja od Milana do Istanbula.\" \/>\n<meta name=\"robots\" content=\"index, follow, max-snippet:-1, max-image-preview:large, max-video-preview:-1\" \/>\n<link rel=\"canonical\" href=\"https:\/\/ttt.hr\/odrzavanje\/\" \/>\n<meta property=\"og:locale\" content=\"it_IT\" \/>\n<meta property=\"og:type\" content=\"article\" \/>\n<meta property=\"og:title\" content=\"Guida alla cura - Tvornica tekstila Trgovi\u0161\u0107e\" \/>\n<meta property=\"og:description\" content=\"Tvornica tekstila Trgovi\u0161\u0107e vode\u0107i je proizvo\u0111a\u010d stolnog i posteljnog rublja od Milana do Istanbula.\" \/>\n<meta property=\"og:url\" content=\"https:\/\/ttt.hr\/odrzavanje\/\" \/>\n<meta property=\"og:site_name\" content=\"Tvornica tekstila Trgovi\u0161\u0107e\" \/>\n<meta property=\"article:publisher\" content=\"https:\/\/www.facebook.com\/TextileFactoryTrgovisce\/\" \/>\n<meta property=\"article:modified_time\" content=\"2019-10-31T12:23:30+00:00\" \/>\n<meta name=\"twitter:card\" content=\"summary_large_image\" \/>\n<meta name=\"twitter:label1\" content=\"Tempo di lettura stimato\" \/>\n\t<meta name=\"twitter:data1\" content=\"6 minuti\" \/>\n<script type=\"application\/ld+json\" class=\"yoast-schema-graph\">{\"@context\":\"https:\/\/schema.org\",\"@graph\":[{\"@type\":\"WebPage\",\"@id\":\"https:\/\/ttt.hr\/odrzavanje\/\",\"url\":\"https:\/\/ttt.hr\/odrzavanje\/\",\"name\":\"Guida alla cura - Tvornica tekstila Trgovi\u0161\u0107e\",\"isPartOf\":{\"@id\":\"https:\/\/ttt.hr\/#website\"},\"datePublished\":\"2019-09-20T09:29:09+00:00\",\"dateModified\":\"2019-10-31T12:23:30+00:00\",\"description\":\"Tvornica tekstila Trgovi\u0161\u0107e vode\u0107i je proizvo\u0111a\u010d stolnog i posteljnog rublja od Milana do Istanbula.\",\"breadcrumb\":{\"@id\":\"https:\/\/ttt.hr\/odrzavanje\/#breadcrumb\"},\"inLanguage\":\"it-IT\",\"potentialAction\":[{\"@type\":\"ReadAction\",\"target\":[\"https:\/\/ttt.hr\/odrzavanje\/\"]}]},{\"@type\":\"BreadcrumbList\",\"@id\":\"https:\/\/ttt.hr\/odrzavanje\/#breadcrumb\",\"itemListElement\":[{\"@type\":\"ListItem\",\"position\":1,\"name\":\"Home\",\"item\":\"https:\/\/ttt.hr\/it\/\"},{\"@type\":\"ListItem\",\"position\":2,\"name\":\"Guida alla cura\"}]},{\"@type\":\"WebSite\",\"@id\":\"https:\/\/ttt.hr\/#website\",\"url\":\"https:\/\/ttt.hr\/\",\"name\":\"Tvornica tekstila Trgovi\u0161\u0107e\",\"description\":\"TTT\",\"publisher\":{\"@id\":\"https:\/\/ttt.hr\/#organization\"},\"potentialAction\":[{\"@type\":\"SearchAction\",\"target\":{\"@type\":\"EntryPoint\",\"urlTemplate\":\"https:\/\/ttt.hr\/?s={search_term_string}\"},\"query-input\":{\"@type\":\"PropertyValueSpecification\",\"valueRequired\":true,\"valueName\":\"search_term_string\"}}],\"inLanguage\":\"it-IT\"},{\"@type\":\"Organization\",\"@id\":\"https:\/\/ttt.hr\/#organization\",\"name\":\"Tvornica Tekstila Trgovi\u0161\u0107e\",\"url\":\"https:\/\/ttt.hr\/\",\"logo\":{\"@type\":\"ImageObject\",\"inLanguage\":\"it-IT\",\"@id\":\"https:\/\/ttt.hr\/#\/schema\/logo\/image\/\",\"url\":\"https:\/\/ttt.hr\/wp-content\/uploads\/2019\/07\/TTT_logo_grey-300.png\",\"contentUrl\":\"https:\/\/ttt.hr\/wp-content\/uploads\/2019\/07\/TTT_logo_grey-300.png\",\"width\":300,\"height\":81,\"caption\":\"Tvornica Tekstila Trgovi\u0161\u0107e\"},\"image\":{\"@id\":\"https:\/\/ttt.hr\/#\/schema\/logo\/image\/\"},\"sameAs\":[\"https:\/\/www.facebook.com\/TextileFactoryTrgovisce\/\",\"https:\/\/www.instagram.com\/felixincotton\/\",\"https:\/\/www.linkedin.com\/company\/tvornica-tekstila-trgovisce-d-o-o-\/about\/\"]}]}<\/script>\n<!-- \/ Yoast SEO plugin. -->","yoast_head_json":{"title":"Guida alla cura - Tvornica tekstila Trgovi\u0161\u0107e","description":"Tvornica tekstila Trgovi\u0161\u0107e vode\u0107i je proizvo\u0111a\u010d stolnog i posteljnog rublja od Milana do Istanbula.","robots":{"index":"index","follow":"follow","max-snippet":"max-snippet:-1","max-image-preview":"max-image-preview:large","max-video-preview":"max-video-preview:-1"},"canonical":"https:\/\/ttt.hr\/odrzavanje\/","og_locale":"it_IT","og_type":"article","og_title":"Guida alla cura - Tvornica tekstila Trgovi\u0161\u0107e","og_description":"Tvornica tekstila Trgovi\u0161\u0107e vode\u0107i je proizvo\u0111a\u010d stolnog i posteljnog rublja od Milana do Istanbula.","og_url":"https:\/\/ttt.hr\/odrzavanje\/","og_site_name":"Tvornica tekstila Trgovi\u0161\u0107e","article_publisher":"https:\/\/www.facebook.com\/TextileFactoryTrgovisce\/","article_modified_time":"2019-10-31T12:23:30+00:00","twitter_card":"summary_large_image","twitter_misc":{"Tempo di lettura stimato":"6 minuti"},"schema":{"@context":"https:\/\/schema.org","@graph":[{"@type":"WebPage","@id":"https:\/\/ttt.hr\/odrzavanje\/","url":"https:\/\/ttt.hr\/odrzavanje\/","name":"Guida alla cura - Tvornica tekstila Trgovi\u0161\u0107e","isPartOf":{"@id":"https:\/\/ttt.hr\/#website"},"datePublished":"2019-09-20T09:29:09+00:00","dateModified":"2019-10-31T12:23:30+00:00","description":"Tvornica tekstila Trgovi\u0161\u0107e vode\u0107i je proizvo\u0111a\u010d stolnog i posteljnog rublja od Milana do Istanbula.","breadcrumb":{"@id":"https:\/\/ttt.hr\/odrzavanje\/#breadcrumb"},"inLanguage":"it-IT","potentialAction":[{"@type":"ReadAction","target":["https:\/\/ttt.hr\/odrzavanje\/"]}]},{"@type":"BreadcrumbList","@id":"https:\/\/ttt.hr\/odrzavanje\/#breadcrumb","itemListElement":[{"@type":"ListItem","position":1,"name":"Home","item":"https:\/\/ttt.hr\/it\/"},{"@type":"ListItem","position":2,"name":"Guida alla cura"}]},{"@type":"WebSite","@id":"https:\/\/ttt.hr\/#website","url":"https:\/\/ttt.hr\/","name":"Tvornica tekstila Trgovi\u0161\u0107e","description":"TTT","publisher":{"@id":"https:\/\/ttt.hr\/#organization"},"potentialAction":[{"@type":"SearchAction","target":{"@type":"EntryPoint","urlTemplate":"https:\/\/ttt.hr\/?s={search_term_string}"},"query-input":{"@type":"PropertyValueSpecification","valueRequired":true,"valueName":"search_term_string"}}],"inLanguage":"it-IT"},{"@type":"Organization","@id":"https:\/\/ttt.hr\/#organization","name":"Tvornica Tekstila Trgovi\u0161\u0107e","url":"https:\/\/ttt.hr\/","logo":{"@type":"ImageObject","inLanguage":"it-IT","@id":"https:\/\/ttt.hr\/#\/schema\/logo\/image\/","url":"https:\/\/ttt.hr\/wp-content\/uploads\/2019\/07\/TTT_logo_grey-300.png","contentUrl":"https:\/\/ttt.hr\/wp-content\/uploads\/2019\/07\/TTT_logo_grey-300.png","width":300,"height":81,"caption":"Tvornica Tekstila Trgovi\u0161\u0107e"},"image":{"@id":"https:\/\/ttt.hr\/#\/schema\/logo\/image\/"},"sameAs":["https:\/\/www.facebook.com\/TextileFactoryTrgovisce\/","https:\/\/www.instagram.com\/felixincotton\/","https:\/\/www.linkedin.com\/company\/tvornica-tekstila-trgovisce-d-o-o-\/about\/"]}]}},"_links":{"self":[{"href":"https:\/\/ttt.hr\/it\/wp-json\/wp\/v2\/pages\/1299","targetHints":{"allow":["GET"]}}],"collection":[{"href":"https:\/\/ttt.hr\/it\/wp-json\/wp\/v2\/pages"}],"about":[{"href":"https:\/\/ttt.hr\/it\/wp-json\/wp\/v2\/types\/page"}],"author":[{"embeddable":true,"href":"https:\/\/ttt.hr\/it\/wp-json\/wp\/v2\/users\/1"}],"replies":[{"embeddable":true,"href":"https:\/\/ttt.hr\/it\/wp-json\/wp\/v2\/comments?post=1299"}],"version-history":[{"count":3,"href":"https:\/\/ttt.hr\/it\/wp-json\/wp\/v2\/pages\/1299\/revisions"}],"predecessor-version":[{"id":1373,"href":"https:\/\/ttt.hr\/it\/wp-json\/wp\/v2\/pages\/1299\/revisions\/1373"}],"wp:attachment":[{"href":"https:\/\/ttt.hr\/it\/wp-json\/wp\/v2\/media?parent=1299"}],"curies":[{"name":"wp","href":"https:\/\/api.w.org\/{rel}","templated":true}]}}